{"id":24861,"date":"2021-11-15T19:46:18","date_gmt":"2021-11-15T17:46:18","guid":{"rendered":"http:\/\/royalsharmproperty.com\/?page_id=24861"},"modified":"2023-01-17T00:50:41","modified_gmt":"2023-01-16T22:50:41","slug":"perche-investire-a-sharm-el-sheikh","status":"publish","type":"page","link":"https:\/\/royalsharmproperty.com\/it\/perche-investire-a-sharm-el-sheikh\/","title":{"rendered":"Perch\u00e9 investire a Sharm El Sheikh"},"content":{"rendered":"<div class=\"wpb-content-wrapper\"><div class=\"vc_row wpb_row vc_row-fluid\"><div class=\"wpb_column vc_column_container vc_col-sm-12\"><div class=\"vc_column-inner\"><div class=\"wpb_wrapper\">\n\t<div class=\"wpb_text_column wpb_content_element\" >\n\t\t<div class=\"wpb_wrapper\">\n\t\t\t<article class=\"faq\">\n<figure class=\"icon\"><i class=\"fa fa-globe\"><\/i><\/figure>\n<div class=\"wrapper\">\n<h1>Resort di livello mondiale<\/h1>\n<p>Sharm El Sheikh vanta una selezione dei migliori resort e propriet\u00e0 immobiliari del Mar Rosso. Per non parlare del suo paradiso per le immersioni: i protettorati sottomarini di Sharm sono tra i migliori al mondo, un paradiso per subacquei e amanti dello snorkeling. Ci sono due campi da golf vicino ai nostri resort nella baia di Nabq e la spiaggia non \u00e8 mai lontana.<\/p>\n<\/div>\n<\/article>\n<article class=\"faq\">\n<figure class=\"icon\"><i class=\"fa fa-sun-o\"><\/i><\/figure>\n<div class=\"wrapper\">\n<h1>Tempo atmosferico<\/h1>\n<p>Sharm El Sheikh e la Riviera del Mar Rosso godono di un clima eccellente, con sole tutto l&#039;anno. Il clima \u00e8 caldo e secco, con un tasso di umidit\u00e0 molto basso, rendendo la regione una destinazione ideale per la maggior parte degli europei. La temperatura media invernale si aggira intorno ai 24 gradi centigradi.<\/p>\n<\/div>\n<\/article>\n<article class=\"faq\">\n<figure class=\"icon\"><i class=\"fa fa-usd\"><\/i><\/figure>\n<div class=\"wrapper\">\n<h1>Basso costo della vita<\/h1>\n<p>Vivere a Sharm El Sheikh \u00e8 economico e accessibile rispetto alle principali citt\u00e0 europee. I tassi di cambio sono elevati rispetto alla lira egiziana, rendendola il luogo ideale per avere una seconda casa al sole. La benzina, ad esempio, costa solo circa 17 pence al litro in Egitto.<\/p>\n<\/div>\n<\/article>\n<article class=\"faq\">\n<figure class=\"icon\"><i class=\"fa fa-line-chart\"><\/i><\/figure>\n<div class=\"wrapper\">\n<h1>Alto ritorno sugli investimenti<\/h1>\n<p>Negli ultimi due anni, Sharm el Sheikh ha vissuto un&#039;economia in forte espansione. I prezzi degli immobili in fase di costruzione nella baia di Nabq sono aumentati di quasi 101 TP3T all&#039;anno, rendendo i vostri investimenti preziosi e stabili per il futuro.<\/p>\n<\/div>\n<\/article>\n<article class=\"faq\">\n<figure class=\"icon\"><i class=\"fa fa-home\"><\/i><\/figure>\n<div class=\"wrapper\">\n<h1>Case a prezzi accessibili sotto il sole<\/h1>\n<p>Con Sharm El Sheikh che diventa ogni giorno pi\u00f9 popolare, persone da tutto il mondo vengono a visitarla. Questo afflusso di turisti ha creato un mercato in forte espansione per gli acquirenti di case vacanza, che a sua volta ha aumentato la concorrenza tra i costruttori immobiliari. Qui puoi trovare alcune delle migliori offerte per case residenziali, alcune delle quali partono da soli 21.000 sterline in un resort a 4 stelle.<\/p>\n<\/div>\n<\/article>\n<article class=\"faq\">\n<figure class=\"icon\"><i class=\"fa fa-key\"><\/i><\/figure>\n<div class=\"wrapper\">\n<h1>\u201cOpzione &quot;Consegna alla direzione&quot;<\/h1>\n<p>Royal Sharm Property offre la possibilit\u00e0 di affidare la vostra propriet\u00e0 alla direzione del resort. Se non utilizzate la vostra propriet\u00e0 durante tutto l&#039;anno, la direzione del resort pu\u00f2 gestirne l&#039;affitto per il periodo in cui non siete presenti, con un conseguente rimborso immediato del vostro investimento. Royal Sharm Property, con il suo dipartimento di locazione professionale, pu\u00f2 anche affittare e gestire la vostra propriet\u00e0. Il fatturato annuo previsto per la locazione \u00e8 di circa 10%.<\/p>\n<\/div>\n<\/article>\n<article class=\"faq\">\n<figure class=\"icon\"><i class=\"fa fa-university\"><\/i><\/figure>\n<div class=\"wrapper\">\n<h1>Economia e sistemi bancari sicuri<\/h1>\n<p>La salvaguardia economica dell&#039;Egitto \u00e8 un vantaggio per gli investitori poich\u00e9 in Egitto:<\/p>\n<ol>\n<li>Le banche egiziane non emettono carte di credito, ma solo carte di debito (il che significa che il denaro \u00e8 gi\u00e0 presente sul conto e pu\u00f2 essere speso).<\/li>\n<li>Nessuna ipoteca sugli immobili (introdotta di recente nel 2008, ma con numerose garanzie e normative approvate e studiate).<\/li>\n<\/ol>\n<p>La mancanza di credito ha fatto s\u00ec che l&#039;Egitto non sia stato colpito dalla crisi creditizia mondiale e che l&#039;economia bancaria sia ancora solida, sicura e protetta. I tassi di interesse bancari offerti variano tra 6 e 81 TP3T all&#039;anno, esentasse, e tutte le banche egiziane operative sono coperte per 100 TP3T dalla Banca Centrale d&#039;Egitto, che \u00e8 uno dei motivi principali per cui gli investitori stanno spostando le proprie finanze per acquistare immobili e aprire conti bancari in Egitto negli ultimi 12 mesi, dall&#039;inizio della crisi creditizia.<\/p>\n<\/div>\n<\/article>\n<article class=\"faq\">\n<figure class=\"icon\"><i class=\"fa fa-plane\"><\/i><\/figure>\n<div class=\"wrapper\">\n<h1>Voli diretti per Sharm El Sheikh dal Regno Unito<\/h1>\n<ul class=\"list-links\">\n<li><a title=\"Esploratori\" href=\"https:\/\/www.explorers.co.uk\/\" target=\"_blank\" rel=\"noreferrer noopener nofollow\">Esploratori<\/a><\/li>\n<li><a title=\"Thomson Holidays\" href=\"https:\/\/www.thomson.co.uk\/\" target=\"_blank\" rel=\"noreferrer noopener nofollow\">Thomson Holidays<\/a><\/li>\n<li><a title=\"Egyptair\" href=\"https:\/\/www.egyptair.com\/English\/\" target=\"_blank\" rel=\"nofollow noopener\">Egypt Air<\/a><\/li>\n<li><a title=\"Thomas Cook\" href=\"https:\/\/www.royaltravel.co\/\" target=\"_blank\" rel=\"noreferrer noopener nofollow\">RoyalTravel<\/a><\/li>\n<\/ul>\n<\/div>\n<\/article>\n\n\t\t<\/div>\n\t<\/div>\n<\/div><\/div><\/div><\/div>\n<\/div>","protected":false},"excerpt":{"rendered":"World Class Resorts Sharm El Sheikh has a collection of the best holiday resorts and real estate objects in the Red Sea. Not to mention its diving paradise, Sharm's underwater protectorates are among the best in the world, a haven for divers and snorkelers alike. There are two golf courses near our resorts in Nabq [...]","protected":false},"author":1,"featured_media":0,"parent":0,"menu_order":127,"comment_status":"closed","ping_status":"closed","template":"","meta":{"_acf_changed":false,"footnotes":""},"wf_page_folders":[],"class_list":["post-24861","page","type-page","status-publish","hentry"],"acf":[],"_links":{"self":[{"href":"https:\/\/royalsharmproperty.com\/it\/wp-json\/wp\/v2\/pages\/24861","targetHints":{"allow":["GET"]}}],"collection":[{"href":"https:\/\/royalsharmproperty.com\/it\/wp-json\/wp\/v2\/pages"}],"about":[{"href":"https:\/\/royalsharmproperty.com\/it\/wp-json\/wp\/v2\/types\/page"}],"author":[{"embeddable":true,"href":"https:\/\/royalsharmproperty.com\/it\/wp-json\/wp\/v2\/users\/1"}],"replies":[{"embeddable":true,"href":"https:\/\/royalsharmproperty.com\/it\/wp-json\/wp\/v2\/comments?post=24861"}],"version-history":[{"count":0,"href":"https:\/\/royalsharmproperty.com\/it\/wp-json\/wp\/v2\/pages\/24861\/revisions"}],"wp:attachment":[{"href":"https:\/\/royalsharmproperty.com\/it\/wp-json\/wp\/v2\/media?parent=24861"}],"wp:term":[{"taxonomy":"wf_page_folders","embeddable":true,"href":"https:\/\/royalsharmproperty.com\/it\/wp-json\/wp\/v2\/wf_page_folders?post=24861"}],"curies":[{"name":"wp","href":"https:\/\/api.w.org\/{rel}","templated":true}]}}