{"id":24847,"date":"2021-11-15T19:02:27","date_gmt":"2021-11-15T17:02:27","guid":{"rendered":"http:\/\/royalsharmproperty.com\/?page_id=24847"},"modified":"2021-11-15T19:02:27","modified_gmt":"2021-11-15T17:02:27","slug":"politica-sui-cookie","status":"publish","type":"page","link":"https:\/\/royalsharmproperty.com\/it\/politica-sui-cookie\/","title":{"rendered":"Informativa sui cookie"},"content":{"rendered":"<h1>Informativa sui cookie<\/h1>\n<p>Aggiornato il 15\/11\/2021<\/p>\n<h1>Definizioni e termini chiave<\/h1>\n<p class=\"p8\"><span class=\"s1\">Per aiutare a spiegare le cose nel modo pi\u00f9 chiaro possibile nella presente Politica sui cookie, ogni volta che si fa riferimento a uno qualsiasi di questi termini, questi sono rigorosamente definiti come:<\/span><\/p>\n<ul class=\"ul1\">\n<li class=\"li8\"><span class=\"s1\"><strong>Biscotto:<\/strong>\u00a0Piccola quantit\u00e0 di dati generata da un sito web e salvata dal tuo browser. Viene utilizzata per identificare il tuo browser, fornire analisi e ricordare informazioni su di te, come la tua preferenza di lingua o le tue informazioni di accesso.<br \/>\n<\/span><\/li>\n<li class=\"li8\"><span class=\"s1\"><strong>Azienda:<\/strong>\u00a0quando questa politica menziona &quot;Societ\u00e0&quot;, &quot;noi&quot;, &quot;ci&quot; o &quot;nostro&quot;, si riferisce a\u00a0<a>Royal Sharm Property LLC<\/a>,\u00a0<a>Viva Mall, Peace Road, Ufficio n. 20, Sharm El-Sheikh, Sinai del Sud, Egitto<\/a>\u00a0che \u00e8 responsabile delle tue informazioni ai sensi della presente Politica sui cookie.<br \/>\n<\/span><\/li>\n<li class=\"li8\"><span class=\"s1\"><strong>Dispositivo:<\/strong>\u00a0qualsiasi dispositivo connesso a Internet come un telefono, un tablet, un computer o qualsiasi altro dispositivo che pu\u00f2 essere utilizzato per visitare\u00a0<a>Propriet\u00e0 Royal Sharm<\/a>\u00a0e utilizzare i servizi.<br \/>\n<\/span><\/li>\n<li class=\"li8\"><span class=\"s1\"><strong>Dati personali:<\/strong>\u00a0qualunque informazione che, direttamente o indirettamente, anche in collegamento con qualsiasi altra informazione, ivi compreso un numero di identificazione personale, renda identificata o identificabile una persona fisica.<br \/>\n<\/span><\/li>\n<li class=\"li8\"><span class=\"s1\"><strong>Servizio:<\/strong>\u00a0si riferisce al servizio fornito da\u00a0<a>Propriet\u00e0 Royal Sharm<\/a>\u00a0come descritto nei termini relativi (se disponibili) e su questa piattaforma.<br \/>\n<\/span><\/li>\n<li class=\"li8\"><span class=\"s1\"><strong>Servizio di terze parti:<\/strong>\u00a0si riferisce agli inserzionisti, agli sponsor dei concorsi, ai partner promozionali e di marketing e ad altri soggetti che forniscono i nostri contenuti o i cui prodotti o servizi riteniamo possano interessarti.<br \/>\n<\/span><\/li>\n<li class=\"li8\"><span class=\"s1\"><strong>Sito web:<\/strong>\u00a0<a>Propriet\u00e0 Royal Sharm<\/a>\u2019sito, a cui si pu\u00f2 accedere tramite questo URL:\u00a0<a>http:\/\/royalsharmproperty.com\/.<\/a><br \/>\n<\/span><\/li>\n<li class=\"li8\"><span class=\"s1\"><strong>Voi:<\/strong>\u00a0una persona o entit\u00e0 registrata presso\u00a0<a>Propriet\u00e0 Royal Sharm<\/a>\u00a0per utilizzare i Servizi.<br \/>\n<\/span><\/li>\n<\/ul>\n<h1>Introduzione<\/h1>\n<p class=\"p10\"><span class=\"s1\">La presente Cookie Policy spiega come\u00a0<a>Propriet\u00e0 Royal Sharm<\/a>\u00a0e le sue affiliate (collettivamente &quot;\u201c<a>Propriet\u00e0 Royal Sharm<\/a>\u201c&quot;, &quot;noi&quot;, &quot;ci&quot; e &quot;nostro&quot;), utilizziamo cookie e tecnologie simili per riconoscerti quando visiti la nostra piattaforma, inclusi, a titolo esemplificativo ma non esaustivo, http:\/\/royalsharmproperty.com\/ e tutti gli URL correlati, le versioni mobili o localizzate e i relativi domini\/sottodomini (&quot;Siti Web&quot;). Spiega cosa sono queste tecnologie e perch\u00e9 le utilizziamo, nonch\u00e9 le opzioni su come controllarle.<\/span><\/p>\n<h1>Che cosa \u00e8 un cookie?<\/h1>\n<p class=\"p10\"><span class=\"s1\">Un cookie \u00e8 un piccolo file di testo che viene memorizzato sul tuo computer o altro dispositivo connesso a Internet per identificare il tuo browser, fornire analisi, ricordare informazioni su di te come la tua preferenza di lingua o le tue credenziali di accesso. Sono completamente sicuri e non possono essere utilizzati per eseguire programmi o trasmettere virus al tuo dispositivo.<\/span><\/p>\n<h1>Perch\u00e9 utilizziamo i cookie?<\/h1>\n<p class=\"p10\"><span class=\"s1\">Utilizziamo cookie proprietari e\/o di terze parti sulla nostra piattaforma per vari scopi, tra cui:<\/span><\/p>\n<ul class=\"ul1\">\n<li><span class=\"s3\">Per facilitare il funzionamento e la funzionalit\u00e0 della nostra piattaforma;<\/span><\/li>\n<li><span class=\"s3\">Per migliorare la tua esperienza sulla nostra piattaforma e rendere la navigazione pi\u00f9 rapida e semplice;<\/span><\/li>\n<li><span class=\"s3\">Per consentirci di creare un&#039;esperienza utente personalizzata per te e per capire cosa \u00e8 utile o di tuo interesse;<\/span><\/li>\n<li><span class=\"s3\">Per analizzare come viene utilizzata la nostra piattaforma e come possiamo personalizzarla al meglio;<\/span><\/li>\n<li><span class=\"s3\">Per identificare potenziali clienti futuri e personalizzare le interazioni di marketing e vendita con essi;<\/span><\/li>\n<li><span class=\"s3\">Per facilitare l&#039;adattamento della pubblicit\u00e0 online ai tuoi interessi.<\/span><\/li>\n<\/ul>\n<h1>Che tipo di cookie fa\u00a0<a>Propriet\u00e0 Royal Sharm<\/a>\u00a0utilizzo?<\/h1>\n<p class=\"p10\"><span class=\"s1\">I cookie possono essere cookie di sessione o cookie persistenti. Un cookie di sessione scade automaticamente alla chiusura del browser. Un cookie persistente rimane attivo fino alla sua scadenza o all&#039;eliminazione dei cookie. Le date di scadenza sono impostate nei cookie stessi; alcuni possono scadere dopo pochi minuti, mentre altri possono scadere dopo diversi anni. I cookie installati dal sito web che stai visitando sono chiamati &quot;cookie proprietari&quot;.<\/span><\/p>\n<p class=\"p10\"><span class=\"s1\">I cookie strettamente necessari sono necessari per il funzionamento della nostra piattaforma e non possono essere disattivati nei nostri sistemi. Sono essenziali per consentirti di navigare sulla piattaforma e utilizzarne le funzionalit\u00e0. Se rimuovi o disabiliti questi cookie, non possiamo garantire che sarai in grado di utilizzare la nostra piattaforma.<\/span><\/p>\n<p class=\"p10\"><span class=\"s1\">Utilizziamo i seguenti tipi di cookie nella nostra piattaforma:<\/span><\/p>\n<h1>Cookie essenziali<\/h1>\n<p class=\"p10\"><span class=\"s1\">Utilizziamo cookie essenziali per il funzionamento della nostra piattaforma. Questi cookie sono strettamente necessari per abilitare funzionalit\u00e0 di base come la sicurezza, la gestione della rete, le preferenze sui cookie e l&#039;accessibilit\u00e0. Senza di essi non saresti in grado di utilizzare i servizi di base. Puoi disabilitarli modificando le impostazioni del tuo browser, ma ci\u00f2 potrebbe influire sul funzionamento dei siti web.<\/span><\/p>\n<h1>Cookie di prestazione e funzionalit\u00e0<\/h1>\n<p class=\"p10\"><span class=\"s1\">Questi cookie vengono utilizzati per migliorare le prestazioni e le funzionalit\u00e0 della nostra piattaforma, ma non sono essenziali per il suo utilizzo. Tuttavia, senza questi cookie, alcune funzionalit\u00e0, come i video, potrebbero non essere disponibili o ti verrebbe richiesto di inserire i tuoi dati di accesso ogni volta che visiti la piattaforma, poich\u00e9 non saremmo in grado di ricordare che hai effettuato l&#039;accesso in precedenza.<\/span><\/p>\n<h1>Cookie di marketing<\/h1>\n<p class=\"p10\"><span class=\"s1\">Questi cookie di marketing basati sugli account ci consentono di identificare potenziali clienti futuri e di personalizzare le interazioni di vendita e marketing con loro.<\/span><\/p>\n<h1>Cookie di analisi e personalizzazione<\/h1>\n<p class=\"p10\"><span class=\"s1\">Questi cookie raccolgono informazioni che vengono utilizzate per aiutarci a capire come viene utilizzata la nostra piattaforma o quanto sono efficaci le nostre campagne di marketing, oppure per aiutarci a personalizzare la nostra piattaforma per te.<\/p>\n<p>Utilizziamo i cookie forniti da Google Analytics per raccogliere dati limitati direttamente dai browser degli utenti finali, al fine di comprendere meglio l&#039;utilizzo della nostra piattaforma. Ulteriori informazioni su come Google raccoglie e utilizza questi dati sono disponibili all&#039;indirizzo: https:\/\/www.google.com\/policies\/privacy\/partners\/. \u00c8 possibile disattivare tutte le analisi supportate da Google sui nostri siti web visitando: https:\/\/tools.google.com\/dlpage\/gaoptout.<\/span><\/p>\n<h1>Cookie dei social media<\/h1>\n<p class=\"p10\"><span class=\"s1\">Questi cookie vengono utilizzati quando condividi informazioni utilizzando un pulsante di condivisione sui social media o il pulsante &quot;Mi piace&quot; sul nostro Sito, oppure quando colleghi il tuo account o interagisci con i nostri contenuti su o tramite un sito di social network come Facebook, Twitter o Google+. Il social network registrer\u00e0 questa azione. Questi cookie possono anche includere un codice specifico inserito sulla piattaforma per aiutare a monitorare le conversioni dagli annunci, ottimizzare gli annunci in base ai dati raccolti, creare un pubblico mirato per annunci futuri e fare remarketing con utenti qualificati che hanno gi\u00e0 eseguito determinate azioni sulla piattaforma.<\/span><\/p>\n<h1>Cookie di terze parti<\/h1>\n<p class=\"p10\"><span class=\"s1\">Alcuni cookie che sono stati impostati sulla nostra piattaforma non sono impostati su base proprietaria da\u00a0<a>Propriet\u00e0 Royal Sharm<\/a>. I Siti Web possono essere integrati con contenuti di terze parti per la pubblicazione di annunci pubblicitari. Questi fornitori di servizi terzi possono impostare i propri cookie sul tuo browser web. I fornitori di servizi terzi controllano molti dei cookie di prestazioni e funzionalit\u00e0, pubblicit\u00e0, marketing e analisi descritti sopra. Non controlliamo l&#039;utilizzo di questi cookie di terze parti, poich\u00e9 i cookie sono accessibili solo alla terza parte che li ha originariamente impostati.<\/span><\/p>\n<h1>Come puoi gestire i cookie?<\/h1>\n<p class=\"p10\"><span class=\"s1\">La maggior parte dei browser consente di controllare i cookie tramite le preferenze delle &quot;impostazioni&quot;. Tuttavia, limitando la capacit\u00e0 dei siti web di impostare i cookie, l&#039;esperienza utente complessiva potrebbe peggiorare, poich\u00e9 non sar\u00e0 pi\u00f9 personalizzata. Potrebbe anche impedirti di salvare impostazioni personalizzate, come le informazioni di accesso. I produttori di browser forniscono pagine di supporto relative alla gestione dei cookie nei loro prodotti.<\/span><\/p>\n<p>&nbsp;<\/p>\n<p class=\"p10\"><span class=\"s1\">I produttori di browser forniscono pagine di supporto relative alla gestione dei cookie nei loro prodotti. Per ulteriori informazioni, consultare la sezione sottostante.<\/span><\/p>\n<ul class=\"ul1\">\n<li><span class=\"s3\">Google Chrome<\/span><\/li>\n<li><span class=\"s3\">Internet Explorer<\/span><\/li>\n<li><span class=\"s3\">Mozilla Firefox<\/span><\/li>\n<li><span class=\"s3\">Safari (Desktop)<\/span><\/li>\n<li><span class=\"s3\">Safari (dispositivi mobili)<\/span><\/li>\n<li><span class=\"s3\">Browser Android<\/span><\/li>\n<li><span class=\"s3\">Opera<\/span><\/li>\n<li><span class=\"s3\">Opera Mobile<\/span><\/li>\n<\/ul>\n<h1>Blocco e disabilitazione dei cookie e tecnologie simili<\/h1>\n<p class=\"p10\"><span class=\"s1\">Ovunque ti trovi, puoi anche impostare il tuo browser per bloccare i cookie e tecnologie simili, ma questa azione potrebbe bloccare i nostri cookie essenziali e impedire il corretto funzionamento del nostro sito web, e potresti non essere in grado di utilizzare appieno tutte le sue funzionalit\u00e0 e servizi. Tieni inoltre presente che potresti perdere alcune informazioni salvate (ad esempio, i dati di accesso salvati, le preferenze del sito) se blocchi i cookie sul tuo browser. Ogni browser offre controlli diversi. La disabilitazione di un cookie o di una categoria di cookie non elimina il cookie dal tuo browser; dovrai farlo manualmente dal tuo browser; per ulteriori informazioni, consulta il menu di aiuto del tuo browser.<\/span><\/p>\n<h1>Modifiche alla nostra politica sui cookie<\/h1>\n<p class=\"p10\"><span class=\"s1\">Potremmo modificare il nostro Servizio e le nostre politiche, e potremmo dover apportare modifiche alla presente Informativa sui Cookie affinch\u00e9 riflettano accuratamente il nostro Servizio e le nostre politiche. Salvo diversa disposizione di legge, ti informeremo (ad esempio, tramite il nostro Servizio) prima di apportare modifiche alla presente Informativa sui Cookie e ti daremo l&#039;opportunit\u00e0 di consultarle prima che entrino in vigore. Successivamente, se continui a utilizzare il Servizio, sarai vincolato dall&#039;Informativa sui Cookie aggiornata. Se non desideri accettare questa o qualsiasi Informativa sui Cookie aggiornata, puoi eliminare il tuo account.<\/span><\/p>\n<h1>Il tuo consenso<\/h1>\n<p class=\"p10\"><span class=\"s1\">Utilizzando la nostra piattaforma, registrando un account o effettuando un acquisto, acconsenti alla nostra Politica sui cookie e ne accetti i termini.<\/span><\/p>\n<h1>Contattaci<\/h1>\n<p class=\"p10\"><span class=\"s1\">Non esitate a contattarci per qualsiasi domanda riguardante la nostra Politica sui cookie.<\/span><\/p>\n<ul class=\"ul1\">\n<li class=\"li16\"><span class=\"s3\">Via e-mail:\u00a0<a>Info@royalsharmproperty.com<\/a><\/span><\/li>\n<li class=\"li16\"><span class=\"s3\">Tramite numero di telefono:\u00a0<a>01000135002<\/a><\/span><\/li>\n<li class=\"li16\"><span class=\"s3\">Tramite questo link:\u00a0<a>http:\/\/royalsharmproperty.com\/about-us<\/a><\/span><\/li>\n<li class=\"li16\"><span class=\"s3\">Tramite questo indirizzo:\u00a0<a>Viva Mall, Peace Road, Ufficio n. 20, Sharm El-Sheikh, Sinai del Sud, Egitto<\/a><\/span><\/li>\n<\/ul>","protected":false},"excerpt":{"rendered":"<p>Cookie Policy Updated at 2021-11-15 Definitions and key terms To help explain things as clearly as possible in this Cookie Policy, every time any of these terms are referenced, are strictly defined as: Cookie:\u00a0small amount of data generated by a website and saved by your web browser. It is used to identify your browser, provide [&hellip;]<\/p>","protected":false},"author":1,"featured_media":0,"parent":0,"menu_order":137,"comment_status":"closed","ping_status":"closed","template":"","meta":{"_acf_changed":false,"footnotes":""},"wf_page_folders":[4367],"class_list":["post-24847","page","type-page","status-publish","hentry"],"acf":[],"_links":{"self":[{"href":"https:\/\/royalsharmproperty.com\/it\/wp-json\/wp\/v2\/pages\/24847","targetHints":{"allow":["GET"]}}],"collection":[{"href":"https:\/\/royalsharmproperty.com\/it\/wp-json\/wp\/v2\/pages"}],"about":[{"href":"https:\/\/royalsharmproperty.com\/it\/wp-json\/wp\/v2\/types\/page"}],"author":[{"embeddable":true,"href":"https:\/\/royalsharmproperty.com\/it\/wp-json\/wp\/v2\/users\/1"}],"replies":[{"embeddable":true,"href":"https:\/\/royalsharmproperty.com\/it\/wp-json\/wp\/v2\/comments?post=24847"}],"version-history":[{"count":0,"href":"https:\/\/royalsharmproperty.com\/it\/wp-json\/wp\/v2\/pages\/24847\/revisions"}],"wp:attachment":[{"href":"https:\/\/royalsharmproperty.com\/it\/wp-json\/wp\/v2\/media?parent=24847"}],"wp:term":[{"taxonomy":"wf_page_folders","embeddable":true,"href":"https:\/\/royalsharmproperty.com\/it\/wp-json\/wp\/v2\/wf_page_folders?post=24847"}],"curies":[{"name":"wp","href":"https:\/\/api.w.org\/{rel}","templated":true}]}}