{"id":24371,"date":"2021-11-10T12:24:47","date_gmt":"2021-11-10T10:24:47","guid":{"rendered":"http:\/\/royalsharmproperty.com\/?page_id=24371"},"modified":"2023-05-22T07:56:55","modified_gmt":"2023-05-22T04:56:55","slug":"guida-turistica-a-sharm-el-sheikh","status":"publish","type":"page","link":"https:\/\/royalsharmproperty.com\/it\/guida-turistica-a-sharm-el-sheikh\/","title":{"rendered":"Guida turistica di Sharm El Sheikh"},"content":{"rendered":"<div class=\"wpb-content-wrapper\"><div data-vc-full-width=\"true\" data-vc-full-width-init=\"false\" data-vc-stretch-content=\"true\" class=\"vc_row wpb_row vc_row-fluid vc_custom_1643571006897 vc_row-has-fill vc_row-no-padding\"><div class=\"wpb_column vc_column_container vc_col-sm-12\"><div class=\"vc_column-inner\"><div class=\"wpb_wrapper\">[ucaddon_uc_resturant_header title=\u201dGuida di viaggio di Sharm El Sheikh\u201d image=\u201d24404\u2033 sub_title=\u201d\u201d button_text=\u201d\u201d button_link=\u201d\u201d uc_init_settings=\u201d\u201d uc_fonts_data=\u201dJTdCJTdE\u201d]<\/div><\/div><\/div><\/div><div class=\"vc_row-full-width vc_clearfix\"><\/div><div class=\"vc_row wpb_row vc_row-fluid\"><div class=\"wpb_column vc_column_container vc_col-sm-3\"><div class=\"vc_column-inner\"><div class=\"wpb_wrapper\"><\/div><\/div><\/div><div class=\"wpb_column vc_column_container vc_col-sm-6\"><div class=\"vc_column-inner\"><div class=\"wpb_wrapper\">\n\t<div class=\"wpb_text_column wpb_content_element\" >\n\t\t<div class=\"wpb_wrapper\">\n\t\t\t<p>Sharm El-Sheikh \u00e8 una popolare localit\u00e0 turistica egiziana, ricca di alcune delle meraviglie del mondo. Storicamente, Sharm El-Sheikh ha acquisito particolare importanza grazie alla sua posizione strategica, che garantisce il controllo sullo stretto ingresso del Golfo di Aqaba. L&#039;area ha iniziato a svilupparsi come un famoso sito turistico sotto l&#039;amministrazione egiziana, e gli sforzi sono continuati dalle compagnie egiziane. La citt\u00e0 \u00e8 diventata recentemente una meta turistica privilegiata con visitatori provenienti da tutto il mondo; poich\u00e9 la biodiversit\u00e0 unica del mondo marino aumenta il numero di visitatori nella regione, trasformandola in una destinazione popolare per lo snorkeling. Sede di gemme nascoste con le sue famose localit\u00e0 balneari, un ricco habitat sottomarino, splendide barriere coralline e punti di immersione unici, Sharm El-Sheikh si trova tra il Cairo e Taba, in Egitto.<\/p>\n<p><img fetchpriority=\"high\" decoding=\"async\" class=\"aligncenter wp-image-9112\" src=\"https:\/\/royalsharmproperty.com\/wp-content\/uploads\/2021\/09\/Royal-Residence-3-Sharm-Real-Estate-Project-shot-4-300x212.jpg\" alt=\"Progetto immobiliare Royal Residence 3 Sharm, ripresa 4\" width=\"800\" height=\"565\" srcset=\"https:\/\/royalsharmproperty.com\/wp-content\/uploads\/2021\/09\/Royal-Residence-3-Sharm-Real-Estate-Project-shot-4-300x212.jpg 300w, https:\/\/royalsharmproperty.com\/wp-content\/uploads\/2021\/09\/Royal-Residence-3-Sharm-Real-Estate-Project-shot-4-1024x724.jpg 1024w, https:\/\/royalsharmproperty.com\/wp-content\/uploads\/2021\/09\/Royal-Residence-3-Sharm-Real-Estate-Project-shot-4-768x543.jpg 768w, https:\/\/royalsharmproperty.com\/wp-content\/uploads\/2021\/09\/Royal-Residence-3-Sharm-Real-Estate-Project-shot-4.jpg 1241w\" sizes=\"(max-width: 800px) 100vw, 800px\" \/><\/p>\n<p>Ci sono molte altre cose da fare per rendere il vostro soggiorno a Sharm El-Sheikh indimenticabile. La citt\u00e0 ospita i paesaggi pi\u00f9 affascinanti della Penisola del Sinai e del Mar Rosso. Potete trascorrere la giornata prendendo il sole su una delle spiagge pi\u00f9 belle del mondo, esplorare la cultura locale passeggiando per la Citt\u00e0 Vecchia, fare escursioni sul Monte Sinai o imbarcarvi in un&#039;avventura nelle profondit\u00e0 marine e scoprire i tesori sottomarini in numerosi punti di immersione, in particolare nel Parco Marino di Ras Mohammed. La regione ospita anche numerosi tesori storici, come il Monastero di Santa Caterina ai piedi del Monte Sinai, il Mercato Vecchio di Sharm e la Moschea di Al-Sahaba.<\/p>\n<h2><strong>Informazioni generali\u00a0<\/strong><\/h2>\n<table>\n<tbody>\n<tr>\n<td><strong>Paese:<\/strong><\/td>\n<td><a title=\"Guida turistica dell&#039;Egitto\" href=\"https:\/\/www.flypgs.com\/en\/travel-guide\/egypt\" target=\"_blank\" rel=\"noopener nofollow\">Egitto<\/a><\/td>\n<\/tr>\n<tr>\n<td><strong>Regione:<\/strong><\/td>\n<td>Penisola del Sinai<\/td>\n<\/tr>\n<tr>\n<td><strong>Zona:<\/strong><\/td>\n<td>180 km\u00b2<\/td>\n<\/tr>\n<tr>\n<td><strong>Lingua:<\/strong><\/td>\n<td>arabo<\/td>\n<\/tr>\n<tr>\n<td><strong>Temperatura media:<\/strong><\/td>\n<td>23,1 \u00b0C<\/td>\n<\/tr>\n<tr>\n<td><strong>Clima:<\/strong><\/td>\n<td>Clima desertico<\/td>\n<\/tr>\n<tr>\n<td><strong>Vegetazione:<\/strong><\/td>\n<td>Steppa-Cactus<\/td>\n<\/tr>\n<tr>\n<td><strong>La differenza tra GMT:<\/strong><\/td>\n<td>GMT +2<\/td>\n<\/tr>\n<tr>\n<td><strong>Prefisso telefonico:<\/strong><\/td>\n<td>+20 69<\/td>\n<\/tr>\n<tr>\n<td><strong>Valuta:<\/strong><\/td>\n<td>Sterlina egiziana<\/td>\n<\/tr>\n<tr>\n<td><strong>Tipo di presa:<\/strong><\/td>\n<td>Tipo C<\/td>\n<\/tr>\n<\/tbody>\n<\/table>\n<h2>Come arrivare a Sharm El-Sheikh?<\/h2>\n<p><iframe style=\"border: 0;\" src=\"https:\/\/www.google.com\/maps\/embed?pb=!1m14!1m8!1m3!1d225550.35761243314!2d34.348753!3d27.956415!3m2!1i1024!2i768!4f13.1!3m3!1m2!1s0x14533bca3624d2e3%3A0xdd987e9c1945fd9c!2zxZ5hcm0gRWwtxZ5leWgsIFFlc20gU2hhcm0gQXNoIFNoZWlraCwgR8O8bmV5IFNpbmEsIE3EsXPEsXI!5e0!3m2!1str!2str!4v1636536489984!5m2!1str!2str\" width=\"600\" height=\"450\" allowfullscreen=\"allowfullscreen\"><\/iframe><\/p>\n<h3>Trasporto dall&#039;aeroporto di Sharm El-Sheikh al centro citt\u00e0<\/h3>\n<p>L&#039;aeroporto internazionale di Sharm El-Sheikh (SSH) \u00e8 ben collegato tramite minibus, taxi o servizi navetta. Se desiderate semplificare le cose, potete prenotare un trasferimento aeroportuale.\u00a0<span style=\"color: #ff0000;\">servizio navetta online<\/span>. In alternativa, puoi beneficiare di\u00a0<span style=\"color: #ff0000;\">Servizio di autonoleggio Royal Sharm Property<\/span>\u00a0per un trasporto pi\u00f9 confortevole durante il tuo viaggio.<\/p>\n<h3>Trasporto pubblico a Sharm El-Sheikh<\/h3>\n<p>La rete di trasporto pubblico non \u00e8 molto sviluppata in citt\u00e0. Il mezzo pi\u00f9 comune per spostarsi su brevi distanze \u00e8 il minibus. Questi mezzi percorrono le strade principali e vanno in entrambe le direzioni. Pur essendo il mezzo di trasporto pi\u00f9 economico e utilizzato, potrebbero non essere una buona opzione se si ha fretta. Il taxi \u00e8 l&#039;opzione preferita per spostarsi, poich\u00e9 \u00e8 facilmente accessibile.<\/p>\n<h2>Il periodo migliore per visitare Sharm El-Sheikh<\/h2>\n<p><img decoding=\"async\" class=\"aligncenter wp-image-9088\" src=\"https:\/\/royalsharmproperty.com\/wp-content\/uploads\/2021\/09\/Royal-Residence-2-Sharm-Real-Estate-Project-shot-12-300x200.jpg\" alt=\"Progetto immobiliare Royal Residence 2 Sharm, scatto 12\" width=\"800\" height=\"533\" srcset=\"https:\/\/royalsharmproperty.com\/wp-content\/uploads\/2021\/09\/Royal-Residence-2-Sharm-Real-Estate-Project-shot-12-300x200.jpg 300w, https:\/\/royalsharmproperty.com\/wp-content\/uploads\/2021\/09\/Royal-Residence-2-Sharm-Real-Estate-Project-shot-12-1024x682.jpg 1024w, https:\/\/royalsharmproperty.com\/wp-content\/uploads\/2021\/09\/Royal-Residence-2-Sharm-Real-Estate-Project-shot-12-768x512.jpg 768w, https:\/\/royalsharmproperty.com\/wp-content\/uploads\/2021\/09\/Royal-Residence-2-Sharm-Real-Estate-Project-shot-12.jpg 1280w\" sizes=\"(max-width: 800px) 100vw, 800px\" \/><\/p>\n<p>Le temperature estive possono essere davvero opprimenti, raggiungendo i 50\u00b0C a Sharm El Sheikh. I periodi ideali per visitare questo luogo affascinante sono i mesi primaverili e autunnali, quando la bassa stagione inizia con temperature pi\u00f9 basse. Si consiglia di dedicare almeno 3 giorni per visitare l&#039;intera citt\u00e0.<\/p>\n<h3>Festival a Sharm El-Sheikh<\/h3>\n<p>A Sharm El-Sheikh si celebrano numerose festivit\u00e0 durante tutto l&#039;anno:<\/p>\n<ul>\n<li>Giorno dell&#039;Unit\u00e0 (febbraio)<\/li>\n<li>Festival di Abu Simbel (febbraio)<\/li>\n<li>Natale copto (gennaio)<\/li>\n<li>Giorno dell&#039;Indipendenza di Sina (aprile)<\/li>\n<li>Shem El Nessim (aprile)<\/li>\n<li>Leylet En Nuktah (giugno)<\/li>\n<li>Giorno della Rivoluzione (luglio)<\/li>\n<li>Festival dell&#039;arte (agosto)<\/li>\n<\/ul>\n<h2>Luoghi da visitare a Sharm El-Sheikh<\/h2>\n<p>Sharm El-Sheik \u00e8 una porta verso il paradiso, dove trascorrerete momenti indimenticabili durante il vostro soggiorno. Ecco i luoghi che non potete assolutamente perdervi durante il vostro soggiorno a Sharm El-Sheik.<\/p>\n<h3>Centri di immersione<\/h3>\n<p><img decoding=\"async\" class=\"aligncenter wp-image-24380\" src=\"https:\/\/royalsharmproperty.com\/wp-content\/uploads\/2021\/11\/Diving-Centers-300x201.jpg\" alt=\"Centri di immersione\" width=\"800\" height=\"535\" srcset=\"https:\/\/royalsharmproperty.com\/wp-content\/uploads\/2021\/11\/Diving-Centers-300x201.jpg 300w, https:\/\/royalsharmproperty.com\/wp-content\/uploads\/2021\/11\/Diving-Centers-1024x685.jpg 1024w, https:\/\/royalsharmproperty.com\/wp-content\/uploads\/2021\/11\/Diving-Centers-768x514.jpg 768w, https:\/\/royalsharmproperty.com\/wp-content\/uploads\/2021\/11\/Diving-Centers.jpg 1252w\" sizes=\"(max-width: 800px) 100vw, 800px\" \/><\/p>\n<p>Immergersi nelle acque turchesi del Mar Rosso \u00e8 una delle attivit\u00e0 pi\u00f9 gettonate da fare a Sharm El Sheikh. I centri immersioni pi\u00f9 famosi sono Ras Um Sid, Sheikh Coast Diving Center e Sharm El Maya, con i loro scenari sottomarini mozzafiato.<\/p>\n<h3>Parco nazionale di Ras Mohammed<\/h3>\n<p><img loading=\"lazy\" decoding=\"async\" class=\"wp-image-24374 aligncenter\" src=\"https:\/\/royalsharmproperty.com\/wp-content\/uploads\/2021\/11\/Ras-Mohammed-National-Park-300x225.jpg\" alt=\"Parco nazionale di Ras Mohammed\" width=\"800\" height=\"600\" srcset=\"https:\/\/royalsharmproperty.com\/wp-content\/uploads\/2021\/11\/Ras-Mohammed-National-Park-300x225.jpg 300w, https:\/\/royalsharmproperty.com\/wp-content\/uploads\/2021\/11\/Ras-Mohammed-National-Park-1024x768.jpg 1024w, https:\/\/royalsharmproperty.com\/wp-content\/uploads\/2021\/11\/Ras-Mohammed-National-Park-768x576.jpg 768w, https:\/\/royalsharmproperty.com\/wp-content\/uploads\/2021\/11\/Ras-Mohammed-National-Park.jpg 1183w\" sizes=\"(max-width: 800px) 100vw, 800px\" \/><\/p>\n<p>Il Parco Nazionale di Ras Mohammed \u00e8 uno dei parchi marini pi\u00f9 famosi al mondo della Penisola del Sinai. \u00c8 anche una meta ambita per le immersioni subacquee e lo snorkeling, ideale per chi desidera avventurarsi nelle sue acque cristalline alla scoperta delle barriere coralline uniche, considerate tra i luoghi pi\u00f9 belli dopo la Grande Barriera Corallina australiana.<\/p>\n<h3>Canyon colorato<\/h3>\n<p>\u00c8 possibile partecipare a un safari nel Canyon da Sharm El-Sheikh con tour guidati o a bordo di veicoli fuoristrada. Il Canyon \u00e8 composto da rocce dai colori diversi, formatisi per ossidazione, che danno il nome a questo paesaggio unico. \u00c8 possibile fare escursioni attraverso i canyon e godersi questa meraviglia naturale, immersi in uno scenario mozzafiato.<\/p>\n<h3>Safari nel deserto<\/h3>\n<p>Numerosi safari guidati accompagnano i turisti in un viaggio avventuroso attraverso i deserti di Sharm. \u00c8 possibile cavalcare un cammello, ammirare l&#039;incantevole tramonto nel deserto e osservare le stelle con guide beduine.<\/p>\n<h3>Monte Sinai e Monastero di Santa Caterina<\/h3>\n<p><img loading=\"lazy\" decoding=\"async\" class=\"wp-image-24386 aligncenter\" src=\"https:\/\/royalsharmproperty.com\/wp-content\/uploads\/2021\/11\/Mount-Sinai-and-Monastery-of-St-Catherine-300x196.jpg\" alt=\"Monte Sinai e Monastero di Santa Caterina\" width=\"800\" height=\"521\" srcset=\"https:\/\/royalsharmproperty.com\/wp-content\/uploads\/2021\/11\/Mount-Sinai-and-Monastery-of-St-Catherine-300x196.jpg 300w, https:\/\/royalsharmproperty.com\/wp-content\/uploads\/2021\/11\/Mount-Sinai-and-Monastery-of-St-Catherine-1024x667.jpg 1024w, https:\/\/royalsharmproperty.com\/wp-content\/uploads\/2021\/11\/Mount-Sinai-and-Monastery-of-St-Catherine-768x501.jpg 768w, https:\/\/royalsharmproperty.com\/wp-content\/uploads\/2021\/11\/Mount-Sinai-and-Monastery-of-St-Catherine.jpg 1269w\" sizes=\"(max-width: 800px) 100vw, 800px\" \/><\/p>\n<p>Il Monte Sinai \u00e8 noto per essere sacro per le religioni abramitiche, poich\u00e9 si ritiene che sia il luogo in cui i Dieci Comandamenti furono consegnati al profeta Mos\u00e8. Il Monastero di Santa Caterina, situato a 250 km dalla citt\u00e0, ai piedi del Monte Sinai, \u00e8 uno degli antichi luoghi di culto storici. Il monastero fu costruito dall&#039;imperatore bizantino Giustiniano nel VI secolo ed \u00e8 Patrimonio dell&#039;Umanit\u00e0 UNESCO dal 2002.<\/p>\n<h2>Dove alloggiare a Sharm El-Sheikh?<\/h2>\n<p><img loading=\"lazy\" decoding=\"async\" class=\"aligncenter wp-image-9124\" src=\"https:\/\/royalsharmproperty.com\/wp-content\/uploads\/2021\/09\/Royal-Residence-3-Sharm-Real-Estate-Project-shot-6-300x212.jpg\" alt=\"Progetto immobiliare Royal Residence 3 Sharm, scatto 6\" width=\"800\" height=\"565\" srcset=\"https:\/\/royalsharmproperty.com\/wp-content\/uploads\/2021\/09\/Royal-Residence-3-Sharm-Real-Estate-Project-shot-6-300x212.jpg 300w, https:\/\/royalsharmproperty.com\/wp-content\/uploads\/2021\/09\/Royal-Residence-3-Sharm-Real-Estate-Project-shot-6-1024x724.jpg 1024w, https:\/\/royalsharmproperty.com\/wp-content\/uploads\/2021\/09\/Royal-Residence-3-Sharm-Real-Estate-Project-shot-6-768x543.jpg 768w, https:\/\/royalsharmproperty.com\/wp-content\/uploads\/2021\/09\/Royal-Residence-3-Sharm-Real-Estate-Project-shot-6.jpg 1241w\" sizes=\"(max-width: 800px) 100vw, 800px\" \/><\/p>\n\n\t\t<\/div>\n\t<\/div>\n<style>.vc_btn3-style-gradient.vc_btn-gradient-btn-69e353c92063c:hover{color: #fff;background-color: #5472d2;border: none;background-position: 100% 0;}<\/style><style>.vc_btn3-style-gradient.vc_btn-gradient-btn-69e353c92063c{color: #fff;border: none;background-color: #00c1cf;background-image: -webkit-linear-gradient(left, #00c1cf 0%, #5472d2 50%,#00c1cf 100%);background-image: linear-gradient(to right, #00c1cf 0%, #5472d2 50%,#00c1cf 100%);-webkit-transition: all .2s ease-in-out;transition: all .2s ease-in-out;background-size: 200% 100%;}<\/style><div class=\"vc_btn3-container vc_btn3-center vc_do_btn\" ><button data-vc-gradient-1=\"#00c1cf\" data-vc-gradient-2=\"#5472d2\" class=\"vc_general vc_btn3 vc_btn3-size-md vc_btn3-shape-rounded vc_btn3-style-gradient vc_btn3-icon-left vc_btn-gradient-btn-69e353c92063c\"><i class=\"vc_btn3-icon fas fa-search-location\"><\/i> Trova hotel economici<\/button><\/div>\n\t<div class=\"wpb_text_column wpb_content_element\" >\n\t\t<div class=\"wpb_wrapper\">\n\t\t\t<h2>Cosa mangiare a Sharm El-Sheikh?<\/h2>\n<p><img loading=\"lazy\" decoding=\"async\" class=\"aligncenter wp-image-24392\" src=\"https:\/\/royalsharmproperty.com\/wp-content\/uploads\/2021\/11\/What-to-Eat-in-Sharm-El-Sheikh-300x199.jpg\" alt=\"Cosa mangiare a Sharm El-Sheikh\" width=\"800\" height=\"530\" srcset=\"https:\/\/royalsharmproperty.com\/wp-content\/uploads\/2021\/11\/What-to-Eat-in-Sharm-El-Sheikh-300x199.jpg 300w, https:\/\/royalsharmproperty.com\/wp-content\/uploads\/2021\/11\/What-to-Eat-in-Sharm-El-Sheikh-1024x678.jpg 1024w, https:\/\/royalsharmproperty.com\/wp-content\/uploads\/2021\/11\/What-to-Eat-in-Sharm-El-Sheikh-768x509.jpg 768w, https:\/\/royalsharmproperty.com\/wp-content\/uploads\/2021\/11\/What-to-Eat-in-Sharm-El-Sheikh.jpg 1258w\" sizes=\"(max-width: 800px) 100vw, 800px\" \/><\/p>\n<p>La cultura gastronomica in Egitto \u00e8 stata fortemente influenzata dalla cucina libanese e indiana; tuttavia Sharm El Sheikh, essendo una famosa meta turistica che accoglie visitatori da tutto il mondo, offre una variet\u00e0 di opzioni che spaziano dai ristoranti italiani alle prelibatezze dell&#039;Estremo Oriente, come la cucina cinese o quella tailandese.<\/p>\n<ul>\n<li>Cucina tradizionale egiziana: El Masrien Grill Restaurant (Mercato Vecchio)<\/li>\n<li>Cucina orientale e grigliata: ristorante El Masrien<\/li>\n<li>Frutti di mare: Mercato del pesce (Sultan Gardens Resort)<\/li>\n<li>Narghil\u00e8: Farsha Cafe (Umm El Sid Hill)<\/li>\n<li>Barbecue e Kebab: El Kababgy<\/li>\n<li>Cucina francese: La Fleur<\/li>\n<li>Frutti di mare: Fares Seafood<\/li>\n<li>Cucina italiana e vegetariana: Frantogo<\/li>\n<li>Cibo indiano: Rangoli<\/li>\n<\/ul>\n<h2>Shopping a Sharm El-Sheikh: i migliori souvenir da acquistare<\/h2>\n<p><img loading=\"lazy\" decoding=\"async\" class=\"aligncenter wp-image-24398\" src=\"https:\/\/royalsharmproperty.com\/wp-content\/uploads\/2021\/11\/Old-market-sharm-el-sheikh-300x199.jpg\" alt=\"Vecchio mercato di Sharm el Sheikh\" width=\"800\" height=\"530\" srcset=\"https:\/\/royalsharmproperty.com\/wp-content\/uploads\/2021\/11\/Old-market-sharm-el-sheikh-300x199.jpg 300w, https:\/\/royalsharmproperty.com\/wp-content\/uploads\/2021\/11\/Old-market-sharm-el-sheikh-1024x678.jpg 1024w, https:\/\/royalsharmproperty.com\/wp-content\/uploads\/2021\/11\/Old-market-sharm-el-sheikh-768x509.jpg 768w, https:\/\/royalsharmproperty.com\/wp-content\/uploads\/2021\/11\/Old-market-sharm-el-sheikh.jpg 1258w\" sizes=\"(max-width: 800px) 100vw, 800px\" \/><\/p>\n<p>Soho Street e Naama Bay sono tra le mete pi\u00f9 gettonate per lo shopping. Al Khan e La Strada sono due grandi centri commerciali situati a Nabq Bay. Un altro luogo famoso per lo shopping \u00e8 il Vecchio Bazar, molto simile al Gran Bazar di Istanbul. Gioielli fatti a mano, statuette di faraoni e piramidi egizie, spezie e abiti tradizionali locali sono tra i souvenir pi\u00f9 ricercati.<\/p>\n<h2>Vita notturna a Sharm El-Sheikh<\/h2>\n<p><img loading=\"lazy\" decoding=\"async\" class=\"aligncenter wp-image-24404\" src=\"https:\/\/royalsharmproperty.com\/wp-content\/uploads\/2021\/11\/nightlife-in-sharm-el-sheikh-300x200.jpg\" alt=\"vita notturna a sharm el sheikh\" width=\"800\" height=\"532\" srcset=\"https:\/\/royalsharmproperty.com\/wp-content\/uploads\/2021\/11\/nightlife-in-sharm-el-sheikh-300x200.jpg 300w, https:\/\/royalsharmproperty.com\/wp-content\/uploads\/2021\/11\/nightlife-in-sharm-el-sheikh-1024x681.jpg 1024w, https:\/\/royalsharmproperty.com\/wp-content\/uploads\/2021\/11\/nightlife-in-sharm-el-sheikh-768x511.jpg 768w, https:\/\/royalsharmproperty.com\/wp-content\/uploads\/2021\/11\/nightlife-in-sharm-el-sheikh.jpg 1255w\" sizes=\"(max-width: 800px) 100vw, 800px\" \/><\/p>\n<p>Sharm El Sheikh ha una vivace vita notturna. Naama Bay \u00e8 la zona pi\u00f9 popolare di Sharm El Sheikh per uscire la sera. Il Sinai Grand Casino e il Dolce Vita Sharm El Sheikh, una discoteca situata proprio nel mezzo del deserto, sono i luoghi di intrattenimento pi\u00f9 gettonati della citt\u00e0.<\/p>\n<h3>Cose da sapere prima di visitare Sharm El-Sheikh<\/h3>\n<ul>\n<li>La lingua ufficiale dell&#039;Egitto \u00e8 l&#039;arabo, ma le monete e le banconote sono scritte in arabo e in inglese.<\/li>\n<li>Se dovete prendere un taxi, scegliete quelli bianchi e blu con l&#039;insegna in cima, poich\u00e9 sono quelli ufficialmente registrati. Si consiglia di concordare il prezzo prima di salire a bordo.<\/li>\n<li>Qui la contrattazione fa sicuramente parte della cultura dello shopping.<\/li>\n<li>La sicurezza potrebbe essere un problema quando si considera un viaggio a Sharm El-Sheikh, ma le misure preventive contro il terrorismo sono state rafforzate e viaggiare \u00e8 considerato sicuro con la dovuta diligenza. Il governo ha rafforzato la sicurezza con la presenza di una polizia turistica locale a Sharm El-Sheikh.<\/li>\n<li>Si consiglia ai viaggiatori di fare attenzione ai borseggiatori, soprattutto nei luoghi affollati del centro citt\u00e0.<\/li>\n<\/ul>\n<h3>Numeri essenziali<\/h3>\n<p><strong>Codice Paese:<\/strong>\u00a0+20 69<\/p>\n<p><strong>Polizia turistica:<\/strong>\u00a0126<\/p>\n<p><strong>Polizia di emergenza:<\/strong>\u00a0122<\/p>\n<p><strong>Ambulanza:<\/strong>\u00a0123<\/p>\n<p><strong>Vigili del fuoco:<\/strong>\u00a0180<\/p>\n<p><strong>Aeroporto Internazionale di Sharm El Sheikh:<\/strong>\u00a0+20 69 360 1140<\/p>\n\n\t\t<\/div>\n\t<\/div>\n<\/div><\/div><\/div><div class=\"wpb_column vc_column_container vc_col-sm-3\"><div class=\"vc_column-inner\"><div class=\"wpb_wrapper\"><\/div><\/div><\/div><\/div>\n<\/div>","protected":false},"excerpt":{"rendered":"[ucaddon_uc_resturant_header title=\"Sharm El Sheikh Travel Guide\" image=\"24404\" sub_title=\"\" button_text=\"\" button_link=\"\" uc_init_settings=\"\" uc_fonts_data=\"JTdCJTdE\"] Sharm El-Sheikh is a popular Egyptian resort town, which is filled with some of the world\u2019s wonders. Historically, Sharm El-Sheikh gained particular significance due to its strategic location, which provides control over the narrow entrance to the Gulf of Aqaba. The area began [...]","protected":false},"author":1,"featured_media":0,"parent":0,"menu_order":124,"comment_status":"closed","ping_status":"closed","template":"page_full-width.php","meta":{"_acf_changed":false,"footnotes":""},"wf_page_folders":[],"class_list":["post-24371","page","type-page","status-publish","hentry"],"acf":[],"_links":{"self":[{"href":"https:\/\/royalsharmproperty.com\/it\/wp-json\/wp\/v2\/pages\/24371","targetHints":{"allow":["GET"]}}],"collection":[{"href":"https:\/\/royalsharmproperty.com\/it\/wp-json\/wp\/v2\/pages"}],"about":[{"href":"https:\/\/royalsharmproperty.com\/it\/wp-json\/wp\/v2\/types\/page"}],"author":[{"embeddable":true,"href":"https:\/\/royalsharmproperty.com\/it\/wp-json\/wp\/v2\/users\/1"}],"replies":[{"embeddable":true,"href":"https:\/\/royalsharmproperty.com\/it\/wp-json\/wp\/v2\/comments?post=24371"}],"version-history":[{"count":0,"href":"https:\/\/royalsharmproperty.com\/it\/wp-json\/wp\/v2\/pages\/24371\/revisions"}],"wp:attachment":[{"href":"https:\/\/royalsharmproperty.com\/it\/wp-json\/wp\/v2\/media?parent=24371"}],"wp:term":[{"taxonomy":"wf_page_folders","embeddable":true,"href":"https:\/\/royalsharmproperty.com\/it\/wp-json\/wp\/v2\/wf_page_folders?post=24371"}],"curies":[{"name":"wp","href":"https:\/\/api.w.org\/{rel}","templated":true}]}}