{"id":10280,"date":"2021-09-22T16:00:02","date_gmt":"2021-09-22T14:00:02","guid":{"rendered":"http:\/\/royalsharmproperty.com\/rent-terms-condition\/"},"modified":"2021-10-13T17:39:42","modified_gmt":"2021-10-13T15:39:42","slug":"condizioni-di-affitto","status":"publish","type":"page","link":"https:\/\/royalsharmproperty.com\/it\/condizioni-di-affitto\/","title":{"rendered":"Termini e condizioni di affitto"},"content":{"rendered":"<div class=\"wpb-content-wrapper\"><div class=\"vc_row wpb_row vc_row-fluid\"><div class=\"wpb_column vc_column_container vc_col-sm-12\"><div class=\"vc_column-inner\"><div class=\"wpb_wrapper\">[ucaddon_uc_resturant_header title=\u201dTermini e condizioni di affitto\u201d image=\u201d12374\u2033 sub_title=\u201d\u201d button_text=\u201d\u201d button_link=\u201d\u201d uc_fonts_data=\u201dJTdCJTdE\u201d]<\/div><\/div><\/div><\/div><div class=\"vc_row wpb_row vc_row-fluid\"><div class=\"wpb_column vc_column_container vc_col-sm-12\"><div class=\"vc_column-inner\"><div class=\"wpb_wrapper\"><div class=\"ult-spacer spacer-69da1fd36ef4a\" data-id=\"69da1fd36ef4a\" data-height=\"60\" data-height-mobile=\"60\" data-height-tab=\"60\" data-height-tab-portrait=\"\" data-height-mobile-landscape=\"\" style=\"clear:both;display:block;\"><\/div>\n\t<div class=\"wpb_text_column wpb_content_element\" >\n\t\t<div class=\"wpb_wrapper\">\n\t\t\t<h3 class=\"no-border\">ABBIAMO DIVERSI STRUMENTI DI PUBBLICIT\u00c0 PER LE NOSTRE PROPRIET\u00c0<\/h3>\n<ul>\n<li>Il nostro sito web: royalsharmproperty.com<\/li>\n<li>Il nostro ufficio a Naama Bay.<\/li>\n<li>Anche la nostra rivista aziendale trimestrale con propriet\u00e0 e foto.<\/li>\n<\/ul>\n<p>Visita il nostro sito web e scopri gli immobili che soddisfano le tue esigenze.<br \/>\nInvia una richiesta tramite il sito web alla nostra sede centrale, che a sua volta inoltrer\u00e0 la tua richiesta al reparto di gestione immobiliare.<br \/>\nIl nostro responsabile immobiliare ti contatter\u00e0 tramite e-mail o numero di telefono per fornirti i dettagli della tua richiesta e informazioni per il nostro agente.<br \/>\nI nostri agenti locali hanno bisogno di quante pi\u00f9 informazioni possibili sul tipo di immobile che stai cercando, cos\u00ec da poter trovare rapidamente la casa ideale per te.<\/p>\n<h2 class=\"no-border text-blue\">REQUISITI DI RICERCA<\/h2>\n<p>Una volta comprese chiaramente le tue esigenze, possiamo mostrarti una selezione di immobili che corrispondono alle tue esigenze e al tuo budget. Spesso \u00e8 possibile organizzare visite immediate.<\/p>\n<h2 class=\"no-border text-blue\">VISIONI<\/h2>\n<p>Le visite possono essere effettuate dai nostri agenti dalle 10:00 alle 18:00, 6 giorni alla settimana.<br \/>\nI nostri agenti multilingue possono organizzare immediatamente con voi una visita di orientamento per visionare 3 o 4 appartamenti di vostra scelta.<\/p>\n<h2 class=\"no-border text-blue\">SCEGLIERE UN IMMOBILE<\/h2>\n<p>Una volta trovata una propriet\u00e0 adatta e averci fornito alcuni dettagli, ti chiederemo una copia del tuo passaporto o della tua carta d&#039;identit\u00e0 e dei relativi certificati di matrimonio; per la pratica potremo preparare un contratto.<\/p>\n<h2 class=\"no-border text-blue\">CONTRATTO DI NOLEGGIO<\/h2>\n<p>Successivamente, redigeremo la documentazione necessaria, formando un accordo che dovr\u00e0 essere firmato da entrambe le parti. Il contratto sar\u00e0 bilingue, pertanto le lingue disponibili sono: inglese e arabo.<\/p>\n<h2 class=\"no-border text-blue\">INVENTARIO<\/h2>\n<p>Di norma, prima dell&#039;inizio del contratto viene redatto un inventario del contenuto e delle condizioni dell&#039;immobile. Tale inventario sar\u00e0 fornito dal proprietario e costituir\u00e0 parte integrante del contratto.<br \/>\nAl momento del check-in, vi accompagneremo nell&#039;appartamento per firmare e finalizzare tutto ci\u00f2 che \u00e8 presente nell&#039;appartamento e che \u00e8 presente nell&#039;elenco.<\/p>\n<h2 class=\"no-border text-blue\">AFFITTO E DEPOSITO<\/h2>\n<p>Alla firma del contratto \u00e8 richiesto il pagamento anticipato dell&#039;affitto, pari a 1 mese di affitto. \u00c8 inoltre richiesto all&#039;inquilino un deposito cauzionale, anch&#039;esso pari a 1 mese di affitto. Tale deposito verr\u00e0 restituito al termine del periodo di locazione, previa verifica dei dettagli del contratto e dell&#039;inventario.<br \/>\n\u2013 L\u2019inquilino paga il valore di 15% del canone di locazione per il mese come spese amministrative non rimborsabili al momento della firma di un contratto di affitto per un periodo di 3 mesi.<br \/>\n\u2013 L\u2019inquilino paga 25% dell\u2019affitto mensile come spese amministrative non rimborsabili al momento della firma del contratto di affitto per 6 mesi.<br \/>\n\u2013 L\u2019inquilino paga 50% di canone di locazione per le spese amministrative non rimborsabili al momento della firma del contratto di affitto per 12 mesi.<\/p>\n<h2 class=\"no-border text-blue\">COMPLETAMENTO DEI CONTRATTI<\/h2>\n<p>Congratulazioni, ora le chiavi sono state consegnate e potete trasferirvi nella vostra nuova casa.<\/p>\n\n\t\t<\/div>\n\t<\/div>\n<\/div><\/div><\/div><\/div>\n<\/div>","protected":false},"excerpt":{"rendered":"[ucaddon_uc_resturant_header title=\"Rent Terms &amp; Condition\" image=\"12374\" sub_title=\"\" button_text=\"\" button_link=\"\" uc_fonts_data=\"JTdCJTdE\"] WE HAVE SEVERAL TOOLS OF ADVERTISING FOR OUR PROPERTIES Our own website: royalsharmproperty.com Our office in Naama bay. Also our quarterly company magazine with properties and photos. Check our website and look at our properties that suit your needs. Make a request through the website [...]","protected":false},"author":1,"featured_media":0,"parent":0,"menu_order":401,"comment_status":"closed","ping_status":"closed","template":"page_full-width.php","meta":{"_acf_changed":false,"footnotes":""},"wf_page_folders":[],"class_list":["post-10280","page","type-page","status-publish","hentry"],"acf":[],"_links":{"self":[{"href":"https:\/\/royalsharmproperty.com\/it\/wp-json\/wp\/v2\/pages\/10280","targetHints":{"allow":["GET"]}}],"collection":[{"href":"https:\/\/royalsharmproperty.com\/it\/wp-json\/wp\/v2\/pages"}],"about":[{"href":"https:\/\/royalsharmproperty.com\/it\/wp-json\/wp\/v2\/types\/page"}],"author":[{"embeddable":true,"href":"https:\/\/royalsharmproperty.com\/it\/wp-json\/wp\/v2\/users\/1"}],"replies":[{"embeddable":true,"href":"https:\/\/royalsharmproperty.com\/it\/wp-json\/wp\/v2\/comments?post=10280"}],"version-history":[{"count":0,"href":"https:\/\/royalsharmproperty.com\/it\/wp-json\/wp\/v2\/pages\/10280\/revisions"}],"wp:attachment":[{"href":"https:\/\/royalsharmproperty.com\/it\/wp-json\/wp\/v2\/media?parent=10280"}],"wp:term":[{"taxonomy":"wf_page_folders","embeddable":true,"href":"https:\/\/royalsharmproperty.com\/it\/wp-json\/wp\/v2\/wf_page_folders?post=10280"}],"curies":[{"name":"wp","href":"https:\/\/api.w.org\/{rel}","templated":true}]}}