{"id":10278,"date":"2021-09-22T15:59:59","date_gmt":"2021-09-22T13:59:59","guid":{"rendered":"http:\/\/royalsharmproperty.com\/legal-advice\/"},"modified":"2023-05-17T15:27:43","modified_gmt":"2023-05-17T13:27:43","slug":"consulenza-legale","status":"publish","type":"page","link":"https:\/\/royalsharmproperty.com\/it\/consulenza-legale\/","title":{"rendered":"Consulenza legale"},"content":{"rendered":"<div class=\"wpb-content-wrapper\"><div class=\"vc_row wpb_row vc_row-fluid\"><div class=\"wpb_column vc_column_container vc_col-sm-12\"><div class=\"vc_column-inner\"><div class=\"wpb_wrapper\">[ucaddon_uc_resturant_header title=\u201dConsulenza legale reale\u201d image=\u201d12396\u2033 sub_title=\u201d\u201d button_text=\u201d\u201d button_link=\u201d\u201d uc_fonts_data=\u201dJTdCJTdE\u201d]<\/div><\/div><\/div><\/div><div class=\"vc_row wpb_row vc_row-fluid\"><div class=\"wpb_column vc_column_container vc_col-sm-12\"><div class=\"vc_column-inner\"><div class=\"wpb_wrapper\"><div class=\"ult-spacer spacer-69da080de5ef9\" data-id=\"69da080de5ef9\" data-height=\"60\" data-height-mobile=\"0\" data-height-tab=\"0\" data-height-tab-portrait=\"0\" data-height-mobile-landscape=\"0\" style=\"clear:both;display:block;\"><\/div>\n\t<div class=\"wpb_text_column wpb_content_element\" >\n\t\t<div class=\"wpb_wrapper\">\n\t\t\t<header>\n<h3>Consulenza legale \u2013 Acquisto di immobili a Sharm El Sheikh<\/h3>\n<\/header>\n<p>Procedura per la registrazione nella citt\u00e0 di Sharm El Sheikh (da 3 a 6 mesi):<\/p>\n<ol>\n<li>Presentare i documenti nel registro al Cairo.<\/li>\n<li>Corte del Cairo<\/li>\n<li>I documenti vengono timbrati dopo la verifica della validit\u00e0 della firma da parte del tribunale.<\/li>\n<\/ol>\n<h3 class=\"no-border text-blue\">VANTAGGI DELL&#039;ACQUISTO DI UN IMMOBILE A SHARM EL SHEIKH:<\/h3>\n<ul>\n<li>Agevolazioni fiscali (nessuna imposta di bollo).<\/li>\n<li>Nessuna imposta sulle plusvalenze in caso di rivendita.<\/li>\n<li>Nessuna imposta sulle vendite.<\/li>\n<li>Imposta di successione in caso di morte bassa 7% (per trasferire la propriet\u00e0 di un immobile).<\/li>\n<li>Benefici fiscali (imposte estremamente basse).<\/li>\n<li>Banche: \u00e8 facile aprire conti e trasferire fondi.<\/li>\n<li>0% imposta sugli interessi bancari.<\/li>\n<\/ul>\n<p>Esistono 3 tipi di registrazione nella citt\u00e0 di El Tur e tutti e tre ti daranno un documento con timbro blu\/verde:<\/p>\n<ul>\n<li><strong>Contratto preliminare di vendita<\/strong> pu\u00f2 essere registrato per gli stranieri che acquistano propriet\u00e0 a Sharm El Sheikh solo per propriet\u00e0 senza terra e gli egiziani possono registrare terreni e propriet\u00e0.<\/li>\n<li><strong>Validit\u00e0 del contratto,<\/strong>\u00a0che dimostra la propriet\u00e0 (come la registrazione per gli egiziani) solo per gli egiziani.<\/li>\n<li><strong>Validit\u00e0 della firma<\/strong> non garantisce la propriet\u00e0 ma garantisce la validit\u00e0 delle firme sul documento ed \u00e8 una forma di tutela legale (comunemente utilizzata per gli stranieri).<\/li>\n<\/ul>\n<h3 class=\"no-border text-blue\">DOMANDE FREQUENTI SULL&#039;ACQUISTO DI UN IMMOBILE IN EGITTO:<\/h3>\n<p><strong>A- Quali sono i potenziali problemi nell&#039;acquisto di una propriet\u00e0 in Egitto?<\/strong><br \/>\nIl catasto immobiliare in Egitto \u00e8 obsoleto e incompleto, e molti ritengono che solo il 101% degli immobili in Egitto siano effettivamente registrati. Naturalmente, questo pu\u00f2 creare problemi per l&#039;investitore immobiliare. Tuttavia, localit\u00e0 come Sharm El Sheikh sono molto pi\u00f9 orientate al mercato immobiliare internazionale. Inoltre, chi sta pensando di investire in immobili a Sharm El Sheikh farebbe bene a rivolgersi a un&#039;agenzia immobiliare affermata e affidabile.<\/p>\n<p><strong>B- Avr\u00f2 bisogno di un avvocato locale?<\/strong><br \/>\nIn un paese in cui le questioni relative alla registrazione immobiliare sono complesse come in Egitto, \u00e8 davvero fondamentale che un avvocato effettui la ricerca e fornisca consulenza sulla legalit\u00e0 dell&#039;acquisto, anche se si acquista una propriet\u00e0 nuova di zecca da uno sviluppatore affermato, che pu\u00f2 registrarla solo dopo che il progetto \u00e8 stato completamente realizzato tramite un documento chiamato Dedication Resolution (Karar Takhsees). Con ROYAL SHARM PROPERTY abbiamo prepagato un rapporto di Due Diligence completo. Attraverso un avvocato specializzato, proteggiamo gli investimenti dei nostri clienti.<\/p>\n<p><strong>C- Potr\u00f2 ipotecare?<\/strong><br \/>\nI mutui locali sono quasi impossibili da ottenere, quindi sar\u00e0 necessario finanziare l&#039;acquisto autonomamente o tramite il mutuo dello stesso paese. Tutti gli immobili in fase di costruzione, con costruttori affidabili e affidabili, sono SENZA INTERESSI e finanziati per una durata media minima di 3 anni.<\/p>\n<h3 class=\"no-border text-blue\">BUON CONSIGLIO<\/h3>\n<p>Naturalmente non ci sono restrizioni alla vendita prima del completamento; \u00e8 necessario essere disposti ad aspettare che la propriet\u00e0 sia completata prima di poterci traslocare.<\/p>\n<p>Il team di assistenza clienti di Royal Sharm Properties ti terr\u00e0 costantemente aggiornato sullo stato di avanzamento del tuo immobile. Un rappresentante di Royal Sharm Properties sar\u00e0 sempre a tua disposizione per rispondere a tutte le tue domande.<\/p>\n<p>Non vi \u00e8 alcuna restrizione alla vendita di immobili prima del completamento, salvo quanto diversamente indicato nel contratto di vendita.<\/p>\n<p>Se intendi vendere prima del completamento anzich\u00e9 trasferirti tu stesso o affittare la propriet\u00e0, non esagerare, nel caso in cui decidessi di non vendere sulla carta e di tenerla.<\/p>\n<h3 class=\"no-border text-blue\">DOVE POSSO TROVARE MAGGIORI INFORMAZIONI SULL&#039;EGITTO?<\/h3>\n<p><strong>Ambasciata d&#039;Egitto:<\/strong><br \/>\n26 South Street, Londra W1K 1DW<br \/>\nTel.: +44 20 74993304\/2401<br \/>\nwww.egypt.embassyhomepage.com<\/p>\n<p><strong>Ambasciata britannica al Cairo<\/strong><br \/>\nVia Ahmed Ragheb 7<br \/>\nCitt\u00e0 Giardino, Il Cairo:<br \/>\nTel.: +2 (02) 2791 6000<br \/>\nwww.britishembassy.gov.uk\/egypt<br \/>\ncommercial.cairo@fco.gov.uk<\/p>\n<h3 class=\"no-border text-blue\">NUOVA LEGGE NUMERO 14 DEL 13 SETTEMBRE 2012 SULLA PROPRIET\u00c0 IMMOBILIARE NEL SINAI<\/h3>\n<p><strong>Nuova legge numero 14 anno 2012 emanata il 13 settembre 2012 riguardante la propriet\u00e0 immobiliare nel Sinai<\/strong><\/p>\n<p>La presente legge entrer\u00e0 in vigore a partire dalla data di emissione, il 13 settembre 2012, e si applicher\u00e0 solo agli acquisti effettuati dopo tale data. Qualsiasi acquisto effettuato prima di tale data sar\u00e0 regolato dalla legge o dal decreto vigente alla data di acquisto e non avr\u00e0 effetto retroattivo.<\/p>\n<p>Clausola 13:<br \/>\nPossibilit\u00e0 con un ordine dei membri del consiglio di amministrazione del Sinai dopo l&#039;accettazione da parte del Ministero della Difesa, degli Interni e dell&#039;Intelligence di quanto segue:<\/p>\n<p>A) Persone fisiche e giuridiche egiziane e straniere possiedono gli edifici in un&#039;area senza possedere il terreno su cui sono edificati. Questo vale per i terreni di propriet\u00e0 assoluta del costruttore.<\/p>\n<p>Modifica della legge 14 (15 agosto 2015)<\/p>\n<p>Clausola (3):<\/p>\n<p>Il contratto di locazione non \u00e8 valido se non in conformit\u00e0 alla presente legge sul terreno e sulle propriet\u00e0 e agli accordi conclusi a tale scopo, e per includere tali accordi i termini e le condizioni che regolano questo contratto di locazione e in particolare quanto segue:<\/p>\n<ol>\n<li>Il periodo di locazione \u00e8 fino a 50 anni, a seconda che l&#039;attivit\u00e0 sia svolta, ed \u00e8 possibile rinnovare tale periodo per pi\u00f9 periodi, ma non pu\u00f2 superare i 75 anni dopo l&#039;approvazione del consiglio di amministrazione e la locazione verr\u00e0 risolta nei seguenti casi:<\/li>\n<\/ol>\n<p>\u2013 La scadenza della personalit\u00e0 giuridica del locatario per qualsiasi causa<\/p>\n<p>\u2013 Morte del locatario<\/p>\n<p>\u2013 Scadenza del contratto di locazione senza rinnovo<\/p>\n<p>\u2013 Scadenza del periodo completo per la locazione 75 anni<\/p>\n<p>In caso di decesso dell&#039;affittuario e previa approvazione del Ministero della Difesa e degli Interni, dell&#039;Intelligence e del Consiglio di Amministrazione, \u00e8 possibile continuare il contratto di locazione con gli eredi legittimi o con alcuni di essi a loro discrezione, con gli stessi termini e condizioni del contratto originale, a condizione che tali contratti contengano clausole di eredit\u00e0 all&#039;interno della presente legge.<\/p>\n<p>\u00c8 possibile, con un decreto del presidente dell&#039;Egitto e dopo l&#039;approvazione delle autorit\u00e0 e del ministero, riservare ai cittadini di determinati paesi arabi lo stesso trattamento previsto dalla presente legge per quanto riguarda le unit\u00e0 residenziali.<\/p>\n\n\t\t<\/div>\n\t<\/div>\n<\/div><\/div><\/div><\/div>\n<\/div>","protected":false},"excerpt":{"rendered":"[ucaddon_uc_resturant_header title=\"Royal Legal Advice\" image=\"12396\" sub_title=\"\" button_text=\"\" button_link=\"\" uc_fonts_data=\"JTdCJTdE\"] Legal Advice - Buying Property in Sharm El Sheikh Process for registration at Sharm El Sheikh city (3 to 6 months): Present the documents in the register in Cairo. Cairo court's Documents are stamped after Signature Validity verification By Court. ADVANTAGES OF BUYING PROPERTY IN SHARM [...]","protected":false},"author":1,"featured_media":0,"parent":0,"menu_order":388,"comment_status":"closed","ping_status":"closed","template":"page_full-width.php","meta":{"_acf_changed":false,"footnotes":""},"wf_page_folders":[],"class_list":["post-10278","page","type-page","status-publish","hentry"],"acf":[],"_links":{"self":[{"href":"https:\/\/royalsharmproperty.com\/it\/wp-json\/wp\/v2\/pages\/10278","targetHints":{"allow":["GET"]}}],"collection":[{"href":"https:\/\/royalsharmproperty.com\/it\/wp-json\/wp\/v2\/pages"}],"about":[{"href":"https:\/\/royalsharmproperty.com\/it\/wp-json\/wp\/v2\/types\/page"}],"author":[{"embeddable":true,"href":"https:\/\/royalsharmproperty.com\/it\/wp-json\/wp\/v2\/users\/1"}],"replies":[{"embeddable":true,"href":"https:\/\/royalsharmproperty.com\/it\/wp-json\/wp\/v2\/comments?post=10278"}],"version-history":[{"count":0,"href":"https:\/\/royalsharmproperty.com\/it\/wp-json\/wp\/v2\/pages\/10278\/revisions"}],"wp:attachment":[{"href":"https:\/\/royalsharmproperty.com\/it\/wp-json\/wp\/v2\/media?parent=10278"}],"wp:term":[{"taxonomy":"wf_page_folders","embeddable":true,"href":"https:\/\/royalsharmproperty.com\/it\/wp-json\/wp\/v2\/wf_page_folders?post=10278"}],"curies":[{"name":"wp","href":"https:\/\/api.w.org\/{rel}","templated":true}]}}