{"id":24861,"date":"2021-11-15T19:46:18","date_gmt":"2021-11-15T17:46:18","guid":{"rendered":"http:\/\/royalsharmproperty.com\/?page_id=24861"},"modified":"2023-01-17T00:50:41","modified_gmt":"2023-01-16T22:50:41","slug":"warum-in-sharm-el-sheikh-investieren","status":"publish","type":"page","link":"https:\/\/royalsharmproperty.com\/de\/warum-in-sharm-el-sheikh-investieren\/","title":{"rendered":"Warum in Sharm El Sheikh investieren?"},"content":{"rendered":"<div class=\"wpb-content-wrapper\"><div class=\"vc_row wpb_row vc_row-fluid\"><div class=\"wpb_column vc_column_container vc_col-sm-12\"><div class=\"vc_column-inner\"><div class=\"wpb_wrapper\">\n\t<div class=\"wpb_text_column wpb_content_element\" >\n\t\t<div class=\"wpb_wrapper\">\n\t\t\t<article class=\"faq\">\n<figure class=\"icon\"><i class=\"fa fa-globe\"><\/i><\/figure>\n<div class=\"wrapper\">\n<h1>Weltklasse-Resorts<\/h1>\n<p>Sharm El Sheikh beherbergt einige der besten Ferienresorts und Immobilien am Roten Meer. Neben seinem Tauchparadies z\u00e4hlen die Unterwasserschutzgebiete von Sharm zu den sch\u00f6nsten der Welt und sind ein Paradies f\u00fcr Taucher und Schnorchler. In der N\u00e4he unserer Resorts in der Nabq-Bucht befinden sich zwei Golfpl\u00e4tze, und der Strand ist nie weit entfernt.<\/p>\n<\/div>\n<\/article>\n<article class=\"faq\">\n<figure class=\"icon\"><i class=\"fa fa-sun-o\"><\/i><\/figure>\n<div class=\"wrapper\">\n<h1>Wetter<\/h1>\n<p>Sharm El Sheikh und die Riviera am Roten Meer bieten ein hervorragendes Klima mit ganzj\u00e4hrig Sonnenschein. Das Wetter ist hei\u00df und trocken bei sehr geringer Luftfeuchtigkeit, was die Region zu einem beliebten Reiseziel f\u00fcr die meisten Europ\u00e4er macht. Die durchschnittliche Wintertemperatur liegt bei etwa 24 Grad Celsius.<\/p>\n<\/div>\n<\/article>\n<article class=\"faq\">\n<figure class=\"icon\"><i class=\"fa fa-usd\"><\/i><\/figure>\n<div class=\"wrapper\">\n<h1>Niedrige Lebenshaltungskosten<\/h1>\n<p>Das Leben in Sharm El Sheikh ist im Vergleich zu europ\u00e4ischen Gro\u00dfst\u00e4dten g\u00fcnstig und erschwinglich. Der Wechselkurs zum \u00e4gyptischen Pfund ist g\u00fcnstig, was die Stadt zu einem idealen Ort f\u00fcr ein Zweitwohnsitz macht. Benzin kostet in \u00c4gypten beispielsweise nur etwa 17 Pence pro Liter.<\/p>\n<\/div>\n<\/article>\n<article class=\"faq\">\n<figure class=\"icon\"><i class=\"fa fa-line-chart\"><\/i><\/figure>\n<div class=\"wrapper\">\n<h1>Hohe Kapitalrendite<\/h1>\n<p>In den letzten zwei Jahren hat Sharm el Sheikh einen Wirtschaftsboom erlebt. Die Immobilienpreise in Neubauprojekten in der Nabq-Bucht sind j\u00e4hrlich um fast 101.300 Billionen Pesos gestiegen, was Ihre Investitionen zu einer wertvollen und zukunftssicheren Anlage macht.<\/p>\n<\/div>\n<\/article>\n<article class=\"faq\">\n<figure class=\"icon\"><i class=\"fa fa-home\"><\/i><\/figure>\n<div class=\"wrapper\">\n<h1>Bezahlbare H\u00e4user unter der Sonne<\/h1>\n<p>Da Sharm El Sheikh t\u00e4glich an Popularit\u00e4t gewinnt, str\u00f6men Besucher aus aller Welt herbei. Dieser Touristenansturm hat einen boomenden Markt f\u00fcr Ferienhausk\u00e4ufer geschaffen und damit den Wettbewerb unter den Immobilienentwicklern versch\u00e4rft. Hier finden Sie einige der besten Angebote f\u00fcr Wohnimmobilien, manche sogar schon ab 21.000 GBP in einem 4-Sterne-Resort.<\/p>\n<\/div>\n<\/article>\n<article class=\"faq\">\n<figure class=\"icon\"><i class=\"fa fa-key\"><\/i><\/figure>\n<div class=\"wrapper\">\n<h1>\u201cOption \u201d\u00dcbergabe an das Management\u201c<\/h1>\n<p>Royal Sharm Property bietet Ihnen die M\u00f6glichkeit, Ihre Immobilie an das Resortmanagement zu \u00fcbergeben. Sollten Sie Ihre Immobilie nicht ganzj\u00e4hrig nutzen, \u00fcbernimmt das Resortmanagement die Vermietung f\u00fcr die Zeit Ihrer Abwesenheit, wodurch Sie Ihre Investition sofort zur\u00fcckerhalten. Die professionelle Vermietungsabteilung von Royal Sharm Property kann Ihre Immobilie auch vermieten und verwalten. Die erwarteten j\u00e4hrlichen Mieteinnahmen belaufen sich auf ca. 101.300 Baht.<\/p>\n<\/div>\n<\/article>\n<article class=\"faq\">\n<figure class=\"icon\"><i class=\"fa fa-university\"><\/i><\/figure>\n<div class=\"wrapper\">\n<h1>Sichere Wirtschafts- und Bankensysteme<\/h1>\n<p>\u00c4gyptens wirtschaftliche Schutzma\u00dfnahmen sind ein Vorteil f\u00fcr Investoren, wie beispielsweise in \u00c4gypten:<\/p>\n<ol>\n<li>\u00c4gyptische Banken geben keine Kreditkarten aus, sondern nur Debitkarten (was bedeutet, dass das Geld bereits auf dem Konto vorhanden ist und ausgegeben werden kann).<\/li>\n<li>Keine Hypotheken auf Immobilien (neu eingef\u00fchrt im Jahr 2008, jedoch mit vielen gepr\u00fcften und bew\u00e4hrten Sicherheitsvorkehrungen und Vorschriften).<\/li>\n<\/ol>\n<p>Die eingeschr\u00e4nkte Kreditverf\u00fcgbarkeit hat daf\u00fcr gesorgt, dass \u00c4gypten von der weltweiten Kreditkrise nicht betroffen war und der Bankensektor weiterhin stark und stabil ist. Die angebotenen Bankzinsen liegen zwischen 6 und 81 Tsd. pro Jahr (steuerfrei), und alle \u00e4gyptischen Banken sind durch die \u00e4gyptische Zentralbank mit 1.001 Tsd. abgesichert. Dies ist einer der Hauptgr\u00fcnde, warum Investoren seit Beginn der Kreditkrise vor zw\u00f6lf Monaten verst\u00e4rkt in \u00c4gypten investieren, um dort Immobilien zu erwerben und Bankkonten zu er\u00f6ffnen.<\/p>\n<\/div>\n<\/article>\n<article class=\"faq\">\n<figure class=\"icon\"><i class=\"fa fa-plane\"><\/i><\/figure>\n<div class=\"wrapper\">\n<h1>Direktfl\u00fcge von Gro\u00dfbritannien nach Sharm El Sheikh<\/h1>\n<ul class=\"list-links\">\n<li><a title=\"Entdecker\" href=\"https:\/\/www.explorers.co.uk\/\" target=\"_blank\" rel=\"noreferrer noopener nofollow\">Entdecker<\/a><\/li>\n<li><a title=\"Thomson Holidays\" href=\"https:\/\/www.thomson.co.uk\/\" target=\"_blank\" rel=\"noreferrer noopener nofollow\">Thomson Holidays<\/a><\/li>\n<li><a title=\"Egyptair\" href=\"https:\/\/www.egyptair.com\/English\/\" target=\"_blank\" rel=\"nofollow noopener\">Egypt Air<\/a><\/li>\n<li><a title=\"Thomas Cook\" href=\"https:\/\/www.royaltravel.co\/\" target=\"_blank\" rel=\"noreferrer noopener nofollow\">RoyalTravel<\/a><\/li>\n<\/ul>\n<\/div>\n<\/article>\n\n\t\t<\/div>\n\t<\/div>\n<\/div><\/div><\/div><\/div>\n<\/div>","protected":false},"excerpt":{"rendered":"World Class Resorts Sharm El Sheikh has a collection of the best holiday resorts and real estate objects in the Red Sea. Not to mention its diving paradise, Sharm's underwater protectorates are among the best in the world, a haven for divers and snorkelers alike. There are two golf courses near our resorts in Nabq [...]","protected":false},"author":1,"featured_media":0,"parent":0,"menu_order":127,"comment_status":"closed","ping_status":"closed","template":"","meta":{"_acf_changed":false,"footnotes":""},"wf_page_folders":[],"class_list":["post-24861","page","type-page","status-publish","hentry"],"acf":[],"_links":{"self":[{"href":"https:\/\/royalsharmproperty.com\/de\/wp-json\/wp\/v2\/pages\/24861","targetHints":{"allow":["GET"]}}],"collection":[{"href":"https:\/\/royalsharmproperty.com\/de\/wp-json\/wp\/v2\/pages"}],"about":[{"href":"https:\/\/royalsharmproperty.com\/de\/wp-json\/wp\/v2\/types\/page"}],"author":[{"embeddable":true,"href":"https:\/\/royalsharmproperty.com\/de\/wp-json\/wp\/v2\/users\/1"}],"replies":[{"embeddable":true,"href":"https:\/\/royalsharmproperty.com\/de\/wp-json\/wp\/v2\/comments?post=24861"}],"version-history":[{"count":0,"href":"https:\/\/royalsharmproperty.com\/de\/wp-json\/wp\/v2\/pages\/24861\/revisions"}],"wp:attachment":[{"href":"https:\/\/royalsharmproperty.com\/de\/wp-json\/wp\/v2\/media?parent=24861"}],"wp:term":[{"taxonomy":"wf_page_folders","embeddable":true,"href":"https:\/\/royalsharmproperty.com\/de\/wp-json\/wp\/v2\/wf_page_folders?post=24861"}],"curies":[{"name":"wp","href":"https:\/\/api.w.org\/{rel}","templated":true}]}}