{"id":24849,"date":"2021-11-15T19:05:37","date_gmt":"2021-11-15T17:05:37","guid":{"rendered":"http:\/\/royalsharmproperty.com\/?page_id=24849"},"modified":"2021-11-15T19:06:49","modified_gmt":"2021-11-15T17:06:49","slug":"haftungsausschluss","status":"publish","type":"page","link":"https:\/\/royalsharmproperty.com\/de\/haftungsausschluss\/","title":{"rendered":"Haftungsausschluss"},"content":{"rendered":"<h1>Haftungsausschluss<\/h1>\n<p>Aktualisiert am 15.11.2021<\/p>\n<p class=\"p4\"><span class=\"s1\"><a>Royal Sharm Anwesen<\/a>\u00a0Hiermit wird Ihnen der Zugriff auf\u00a0<a>.<\/a>\u00a0(\u201cdie Website\u201d) und l\u00e4dt Sie ein, die hier angebotenen Dienstleistungen zu erwerben.<\/span><\/p>\n<h1>Definitionen und Schl\u00fcsselbegriffe<\/h1>\n<p class=\"p8\"><span class=\"s1\">Um die Sachlage in diesem Haftungsausschluss so klar wie m\u00f6glich zu erl\u00e4utern, werden alle diese Begriffe, wann immer sie erw\u00e4hnt werden, wie folgt definiert:<\/span><\/p>\n<ul class=\"ul1\">\n<li class=\"li8\"><span class=\"s1\"><strong>Pl\u00e4tzchen:<\/strong>\u00a0Eine kleine Datenmenge, die von einer Website generiert und von Ihrem Webbrowser gespeichert wird. Sie dient dazu, Ihren Browser zu identifizieren, Analysen bereitzustellen und Informationen \u00fcber Sie zu speichern, wie z. B. Ihre Sprachpr\u00e4ferenz oder Anmeldeinformationen.<br \/>\n<\/span><\/li>\n<li class=\"li8\"><span class=\"s1\"><strong>Unternehmen:<\/strong>\u00a0Wenn in dieser Richtlinie von \u201cUnternehmen\u201d, \u201cwir\u201d, \u201cuns\u201d oder \u201cunser\u201d die Rede ist, bezieht sich dies auf\u00a0<a>Royal Sharm Property LLC<\/a>,\u00a0<a>Viva Mall, Peace Road, B\u00fcro Nr. 20, Sharm El-Sheikh, S\u00fcdsinai, \u00c4gypten<\/a>\u00a0die f\u00fcr Ihre Daten im Rahmen dieser Datenschutzrichtlinie verantwortlich ist.<br \/>\n<\/span><\/li>\n<li class=\"li8\"><span class=\"s1\"><strong>Land:<\/strong>\u00a0Wo\u00a0<a>Royal Sharm Anwesen<\/a>\u00a0oder die Eigent\u00fcmer\/Gr\u00fcnder von\u00a0<a>Royal Sharm Anwesen<\/a>\u00a0basieren darauf, in diesem Fall ist\u00a0<a>\u00c4gypten<\/a>.<br \/>\n<\/span><\/li>\n<li class=\"li8\"><span class=\"s1\"><strong>Kunde:<\/strong>\u00a0bezieht sich auf das Unternehmen, die Organisation oder die Person, die sich f\u00fcr die Nutzung anmeldet\u00a0<a>Royal Sharm Anwesen<\/a>\u00a0Service zur Verwaltung der Beziehungen zu Ihren Kunden oder Servicenutzern.<br \/>\n<\/span><\/li>\n<li class=\"li8\"><span class=\"s1\"><strong>Ger\u00e4t:<\/strong>\u00a0jedes mit dem Internet verbundene Ger\u00e4t wie ein Telefon, Tablet, Computer oder jedes andere Ger\u00e4t, das zum Besuch verwendet werden kann\u00a0<a>Royal Sharm Anwesen<\/a>\u00a0und die Dienste nutzen.<br \/>\n<\/span><\/li>\n<li class=\"li8\"><span class=\"s1\"><strong>IP-Adresse:<\/strong>\u00a0Jedem mit dem Internet verbundenen Ger\u00e4t wird eine Nummer zugewiesen, die als Internetprotokoll-Adresse (IP-Adresse) bezeichnet wird. Diese Nummern werden \u00fcblicherweise in geografischen Bl\u00f6cken vergeben. Anhand einer IP-Adresse l\u00e4sst sich oft der Standort identifizieren, von dem aus ein Ger\u00e4t eine Internetverbindung herstellt.<br \/>\n<\/span><\/li>\n<li class=\"li8\"><span class=\"s1\"><strong>Personal:<\/strong>\u00a0bezieht sich auf diejenigen Personen, die bei\u00a0<a>Royal Sharm Anwesen<\/a>\u00a0oder vertraglich verpflichtet sind, im Auftrag einer der Parteien eine Dienstleistung zu erbringen.<br \/>\n<\/span><\/li>\n<li class=\"li8\"><span class=\"s1\"><strong>Pers\u00f6nliche Daten:<\/strong>\u00a0Alle Informationen, die direkt, indirekt oder in Verbindung mit anderen Informationen \u2013 einschlie\u00dflich einer pers\u00f6nlichen Identifikationsnummer \u2013 die Identifizierung oder Identifizierbarkeit einer nat\u00fcrlichen Person erm\u00f6glichen.<br \/>\n<\/span><\/li>\n<li class=\"li8\"><span class=\"s1\"><strong>Service:<\/strong>\u00a0bezieht sich auf die von\u00a0<a>Royal Sharm Anwesen<\/a>\u00a0wie in den entsprechenden Bedingungen (sofern verf\u00fcgbar) und auf dieser Plattform beschrieben.<br \/>\n<\/span><\/li>\n<li class=\"li8\"><span class=\"s1\"><strong>Drittanbieterdienst:<\/strong>\u00a0bezieht sich auf Werbetreibende, Sponsoren von Wettbewerben, Werbe- und Marketingpartner sowie andere, die unsere Inhalte bereitstellen oder deren Produkte oder Dienstleistungen Sie unserer Meinung nach interessieren k\u00f6nnten.<br \/>\n<\/span><\/li>\n<li class=\"li8\"><span class=\"s1\"><strong>Webseite:<\/strong>\u00a0<a>Royal Sharm Anwesen<\/a>\u2019Die Website von [Name], die \u00fcber diese URL aufgerufen werden kann:\u00a0<a>http:\/\/royalsharmproperty.com\/.<\/a><br \/>\n<\/span><\/li>\n<li class=\"li8\"><span class=\"s1\"><strong>Du:<\/strong>\u00a0eine Person oder Organisation, die registriert ist bei\u00a0<a>Royal Sharm Anwesen<\/a>\u00a0um die Dienste nutzen zu k\u00f6nnen.<br \/>\n<\/span><\/li>\n<\/ul>\n<h1>Beschr\u00e4nkte Haftung<\/h1>\n<p class=\"p10\"><span class=\"s1\">Wir bem\u00fchen uns, die Inhalte unseres Dienstes regelm\u00e4\u00dfig zu aktualisieren und\/oder zu erg\u00e4nzen. Trotz aller Sorgfalt und Aufmerksamkeit k\u00f6nnen Inhalte jedoch unvollst\u00e4ndig und\/oder fehlerhaft sein.<\/span><\/p>\n<p>Die von uns angebotenen Materialien werden ohne jegliche Gew\u00e4hrleistung oder Zusicherung ihrer Richtigkeit bereitgestellt. Diese Materialien k\u00f6nnen jederzeit ohne vorherige Ank\u00fcndigung von uns ge\u00e4ndert werden.<\/p>\n<p>Insbesondere gelten alle Preise f\u00fcr unseren Service vorbehaltlich Tipp- und Programmierfehlern. F\u00fcr die Folgen solcher Fehler wird keine Haftung \u00fcbernommen. Auf der Grundlage solcher Fehler kommt kein Vertrag zustande.<\/p>\n<p>Wir \u00fcbernehmen keine Haftung f\u00fcr Hyperlinks zu Webseiten oder Diensten Dritter, die auf unserem Dienst eingebunden sind. \u00dcber unseren Dienst k\u00f6nnen Sie andere Webseiten besuchen, indem Sie den Hyperlinks zu diesen externen Seiten folgen. Wir bem\u00fchen uns zwar, nur qualitativ hochwertige Links zu n\u00fctzlichen und seri\u00f6sen Webseiten anzubieten, haben jedoch keinen Einfluss auf deren Inhalte und Art. Diese Links zu anderen Webseiten stellen keine Empfehlung f\u00fcr deren gesamte Inhalte dar. Webseitenbetreiber und Inhalte k\u00f6nnen sich jederzeit und ohne Vorank\u00fcndigung \u00e4ndern, m\u00f6glicherweise bevor wir einen defekten Link entfernen k\u00f6nnen.<\/p>\n<p>Bitte beachten Sie au\u00dferdem, dass andere Websites nach Verlassen unseres Dienstes m\u00f6glicherweise andere Datenschutzrichtlinien und Nutzungsbedingungen haben, auf die wir keinen Einfluss haben. Bitte pr\u00fcfen Sie daher unbedingt die Datenschutzrichtlinien und Nutzungsbedingungen dieser Websites, bevor Sie dort Gesch\u00e4fte t\u00e4tigen oder Informationen hochladen.<\/p>\n<h1>Irrt\u00fcmer und Auslassungen vorbehalten<\/h1>\n<p class=\"p10\"><span class=\"s1\">Wir \u00fcbernehmen keine Verantwortung f\u00fcr Inhalte, Code oder sonstige Ungenauigkeiten.<\/span><\/p>\n<p>Wir \u00fcbernehmen keine Gew\u00e4hrleistung oder Garantie.<\/p>\n<p>Wir haften in keinem Fall f\u00fcr besondere, direkte, indirekte, Folge- oder Nebensch\u00e4den oder sonstige Sch\u00e4den jeglicher Art, sei es aus Vertrag, Fahrl\u00e4ssigkeit oder unerlaubter Handlung, die aus oder im Zusammenhang mit der Nutzung des Dienstes oder dessen Inhalten entstehen. Wir behalten uns das Recht vor, die Inhalte des Dienstes jederzeit ohne vorherige Ank\u00fcndigung zu erg\u00e4nzen, zu l\u00f6schen oder zu \u00e4ndern.<\/p>\n<h1>Urheberrechtshinweis<\/h1>\n<p class=\"p10\"><span class=\"s1\">Alle geistigen Eigentumsrechte an diesen Materialien liegen bei\u00a0<a>Royal Sharm Anwesen<\/a>. Das Kopieren, Verbreiten und jede andere Verwendung dieser Materialien ist ohne die schriftliche Genehmigung von [Name des Herausgebers] nicht gestattet.\u00a0<a>Royal Sharm Anwesen<\/a>, au\u00dfer und nur soweit in zwingenden Rechtsvorschriften etwas anderes bestimmt ist (wie etwa das Zitatrecht), sofern f\u00fcr bestimmte Materialien nichts anderes angegeben ist.<\/span><\/p>\n<h1>Allgemeiner Haftungsausschluss<\/h1>\n<p class=\"p10\"><span class=\"s1\">Der\u00a0<a>Royal Sharm Anwesen<\/a>\u00a0Der Service und seine Inhalte werden \u201cwie besehen\u201d und \u201cwie verf\u00fcgbar\u201d ohne jegliche Gew\u00e4hrleistung oder Zusicherung, weder ausdr\u00fccklich noch stillschweigend, bereitgestellt.\u00a0<a>Royal Sharm Anwesen<\/a>\u00a0ist ein Vertriebspartner und nicht ein Herausgeber der von Dritten bereitgestellten Inhalte; als solches,\u00a0<a>Royal Sharm Anwesen<\/a>\u00a0\u00fcbt keine redaktionelle Kontrolle \u00fcber solche Inhalte aus und \u00fcbernimmt keine Gew\u00e4hr f\u00fcr die Richtigkeit, Zuverl\u00e4ssigkeit oder Aktualit\u00e4t von Informationen, Inhalten, Dienstleistungen oder Waren, die \u00fcber die Plattform bereitgestellt oder zug\u00e4nglich gemacht werden.\u00a0<a>Royal Sharm Anwesen<\/a>\u00a0Dienstleistung. Ohne die vorstehenden Ausf\u00fchrungen einzuschr\u00e4nken,\u00a0<a>Royal Sharm Anwesen<\/a>\u00a0lehnt ausdr\u00fccklich alle Gew\u00e4hrleistungen und Zusicherungen in Bezug auf Inhalte ab, die \u00fcber oder im Zusammenhang mit der Plattform \u00fcbertragen werden.\u00a0<a>Royal Sharm Anwesen<\/a>\u00a0Dienst oder auf Websites, die als Links auf der\u00a0<a>Royal Sharm Anwesen<\/a>\u00a0Dienstleistung oder in den Produkten, die als Teil der Dienstleistung oder anderweitig im Zusammenhang mit der Dienstleistung bereitgestellt werden\u00a0<a>Royal Sharm Anwesen<\/a>\u00a0Der Service umfasst insbesondere jegliche Gew\u00e4hrleistungen der Handels\u00fcblichkeit, der Eignung f\u00fcr einen bestimmten Zweck oder der Nichtverletzung von Rechten Dritter. M\u00fcndliche oder schriftliche Ausk\u00fcnfte werden nicht gew\u00e4hrt.\u00a0<a>Royal Sharm Anwesen<\/a>\u00a0oder eines seiner verbundenen Unternehmen, Mitarbeiter, F\u00fchrungskr\u00e4fte, Direktoren, Vertreter oder \u00e4hnliche Personen \u00fcbernehmen keine Gew\u00e4hrleistung. Preis- und Verf\u00fcgbarkeitsangaben k\u00f6nnen sich ohne vorherige Ank\u00fcndigung \u00e4ndern. Ohne das Vorstehende einzuschr\u00e4nken,\u00a0<a>Royal Sharm Anwesen<\/a>\u00a0garantiert nicht, dass\u00a0<a>Royal Sharm Anwesen<\/a>\u00a0Der Dienst wird ununterbrochen, fehlerfrei, zeitnah und ohne Fehler funktionieren.<\/span><\/p>\n<h1>Rechtliche Offenlegung<\/h1>\n<p class=\"p10\"><span class=\"s1\">Die Materialien, alle Kommentare oder Informationen, die von\u00a0<a>Royal Sharm Anwesen<\/a>\u00a0Die bereitgestellten Informationen dienen ausschlie\u00dflich Bildungszwecken und stellen keine Rechts-, Steuer- oder Buchhaltungsberatung dar. Sie tragen die volle Verantwortung f\u00fcr die Verwendung der von uns erhaltenen Informationen. Mit dem Besuch und der Nutzung dieses Dienstes best\u00e4tigen Sie, dass Sie von einem qualifizierten Rechtsexperten (z. B. Ihrem Anwalt) gepr\u00fcft wurden und Ihre Zustimmung zur Teilnahme an jeglichen rechtlichen Aktivit\u00e4ten erhalten haben. Bitte wenden Sie sich bei konkreten Fragen zu den bereitgestellten Informationen, die rechtlicher, buchhalterischer oder steuerlicher Natur sind, an Ihren eigenen Anwalt, Steuerberater oder Buchhalter.<\/span><\/p>\n<h1>Offenlegung von Erfahrungsberichten<\/h1>\n<p class=\"p10\"><span class=\"s1\">Alle auf dieser Plattform ver\u00f6ffentlichten Erfahrungsberichte geben die Meinung der jeweiligen Verfasser wieder. Die darin enthaltenen Informationen sind nicht als Grundlage f\u00fcr Prognosen in Ihrer individuellen Situation geeignet. Ihre Ergebnisse h\u00e4ngen von zahlreichen Faktoren ab, darunter Ihre Eigenverantwortung, Ihr Engagement und Ihre F\u00e4higkeiten sowie Faktoren, die weder Sie noch wir vorhersehen k\u00f6nnen.<\/span><\/p>\n<p>Wir ver\u00f6ffentlichen ehrliche Erfahrungsberichte f\u00fcr unsere Besucher, unabh\u00e4ngig von etwaigen Rabatten. Alle von uns getesteten Produkte und Dienstleistungen spiegeln individuelle Erfahrungen wider. Die Erfahrungsberichte k\u00f6nnen als Audio-, Text- oder Videodateien pr\u00e4sentiert werden und sind nicht unbedingt repr\u00e4sentativ f\u00fcr alle Nutzer unserer Produkte und\/oder Dienstleistungen.<\/p>\n<p><a>Royal Sharm Anwesen<\/a>\u00a0Wir garantieren nicht, dass die auf unserer Plattform ver\u00f6ffentlichten Erfahrungsberichte die gleichen Ergebnisse liefern. Die Erfahrungsberichte auf unserer Plattform beziehen sich auf die jeweiligen Verfasser und sind nicht unbedingt ein Indikator f\u00fcr den zuk\u00fcnftigen Erfolg anderer Personen.<\/p>\n<p>Bitte z\u00f6gern Sie nicht, uns zu kontaktieren, wenn Sie mehr \u00fcber Erfahrungsberichte, Rabatte oder die von uns getesteten Produkte\/Dienstleistungen erfahren m\u00f6chten.<\/p>\n<h1>Ihre Zustimmung<\/h1>\n<p class=\"p10\"><span class=\"s1\">Wir haben unseren Haftungsausschluss aktualisiert, um Ihnen vollst\u00e4ndige Transparenz dar\u00fcber zu bieten, welche Daten beim Besuch unserer Website erfasst und wie diese verwendet werden. Durch die Nutzung unseres Dienstes, die Registrierung eines Kontos oder einen Kauf erkl\u00e4ren Sie sich mit unserem Haftungsausschluss und dessen Bedingungen einverstanden.<\/span><\/p>\n<h1>\u00c4nderungen an unserem Haftungsausschluss<\/h1>\n<p class=\"p10\"><span class=\"s1\">Sollten wir dieses Dokument aktualisieren, \u00e4ndern oder sonstige Anpassungen vornehmen, um unseren Service und unsere Richtlinien korrekt widerzuspiegeln, werden diese \u00c4nderungen \u2013 sofern gesetzlich nichts anderes vorgeschrieben ist \u2013 hier deutlich sichtbar ver\u00f6ffentlicht. Wenn Sie den Service anschlie\u00dfend weiterhin nutzen, unterliegen Sie dem aktualisierten Haftungsausschluss. Sollten Sie diesem oder einem aktualisierten Haftungsausschluss nicht zustimmen, k\u00f6nnen Sie Ihr Konto l\u00f6schen.<\/span><\/p>\n<h1>Kontaktieren Sie uns<\/h1>\n<p class=\"p10\"><span class=\"s1\">Z\u00f6gern Sie nicht, uns zu kontaktieren, falls Sie Fragen haben.<\/span><\/p>\n<ul class=\"ul1\">\n<li class=\"li16\"><span class=\"s3\">Per E-Mail:\u00a0<a>Info@royalsharmproperty.com<\/a><\/span><\/li>\n<li class=\"li16\"><span class=\"s3\">Per Telefonnummer:\u00a0<a>01000135002<\/a><\/span><\/li>\n<li class=\"li16\"><span class=\"s3\">\u00dcber diesen Link:\u00a0<a>http:\/\/royalsharmproperty.com\/about-us<\/a><\/span><\/li>\n<li class=\"li16\"><span class=\"s3\">\u00dcber diese Adresse:\u00a0<a>Viva Mall, Peace Road, B\u00fcro Nr. 20, Sharm El-Sheikh, S\u00fcdsinai, \u00c4gypten<\/a><\/span><\/li>\n<\/ul>","protected":false},"excerpt":{"rendered":"<p>Disclaimer Updated at 2021-11-15 Royal Sharm Property\u00a0hereby grants you access to\u00a0.\u00a0(\u201cthe Website\u201d) and invites you to purchase the services offered here. Definitions and key terms To help explain things as clearly as possible in this Disclaimer, every time any of these terms are referenced, are strictly defined as: Cookie:\u00a0small amount of data generated by a [&hellip;]<\/p>","protected":false},"author":1,"featured_media":0,"parent":0,"menu_order":136,"comment_status":"closed","ping_status":"closed","template":"","meta":{"_acf_changed":false,"footnotes":""},"wf_page_folders":[4367],"class_list":["post-24849","page","type-page","status-publish","hentry"],"acf":[],"_links":{"self":[{"href":"https:\/\/royalsharmproperty.com\/de\/wp-json\/wp\/v2\/pages\/24849","targetHints":{"allow":["GET"]}}],"collection":[{"href":"https:\/\/royalsharmproperty.com\/de\/wp-json\/wp\/v2\/pages"}],"about":[{"href":"https:\/\/royalsharmproperty.com\/de\/wp-json\/wp\/v2\/types\/page"}],"author":[{"embeddable":true,"href":"https:\/\/royalsharmproperty.com\/de\/wp-json\/wp\/v2\/users\/1"}],"replies":[{"embeddable":true,"href":"https:\/\/royalsharmproperty.com\/de\/wp-json\/wp\/v2\/comments?post=24849"}],"version-history":[{"count":0,"href":"https:\/\/royalsharmproperty.com\/de\/wp-json\/wp\/v2\/pages\/24849\/revisions"}],"wp:attachment":[{"href":"https:\/\/royalsharmproperty.com\/de\/wp-json\/wp\/v2\/media?parent=24849"}],"wp:term":[{"taxonomy":"wf_page_folders","embeddable":true,"href":"https:\/\/royalsharmproperty.com\/de\/wp-json\/wp\/v2\/wf_page_folders?post=24849"}],"curies":[{"name":"wp","href":"https:\/\/api.w.org\/{rel}","templated":true}]}}