{"id":24847,"date":"2021-11-15T19:02:27","date_gmt":"2021-11-15T17:02:27","guid":{"rendered":"http:\/\/royalsharmproperty.com\/?page_id=24847"},"modified":"2021-11-15T19:02:27","modified_gmt":"2021-11-15T17:02:27","slug":"cookie-richtlinie","status":"publish","type":"page","link":"https:\/\/royalsharmproperty.com\/de\/cookie-richtlinie\/","title":{"rendered":"Cookie-Richtlinie"},"content":{"rendered":"<h1>Cookie-Richtlinie<\/h1>\n<p>Aktualisiert am 15.11.2021<\/p>\n<h1>Definitionen und Schl\u00fcsselbegriffe<\/h1>\n<p class=\"p8\"><span class=\"s1\">Um die Sachlage in dieser Cookie-Richtlinie so klar wie m\u00f6glich zu erl\u00e4utern, werden alle diese Begriffe stets wie folgt definiert:<\/span><\/p>\n<ul class=\"ul1\">\n<li class=\"li8\"><span class=\"s1\"><strong>Pl\u00e4tzchen:<\/strong>\u00a0Eine kleine Datenmenge, die von einer Website generiert und von Ihrem Webbrowser gespeichert wird. Sie dient dazu, Ihren Browser zu identifizieren, Analysen bereitzustellen und Informationen \u00fcber Sie zu speichern, wie z. B. Ihre Sprachpr\u00e4ferenz oder Anmeldeinformationen.<br \/>\n<\/span><\/li>\n<li class=\"li8\"><span class=\"s1\"><strong>Unternehmen:<\/strong>\u00a0Wenn in dieser Richtlinie von \u201cUnternehmen\u201d, \u201cwir\u201d, \u201cuns\u201d oder \u201cunser\u201d die Rede ist, bezieht sich dies auf\u00a0<a>Royal Sharm Property LLC<\/a>,\u00a0<a>Viva Mall, Peace Road, B\u00fcro Nr. 20, Sharm El-Sheikh, S\u00fcdsinai, \u00c4gypten<\/a>\u00a0die f\u00fcr Ihre Daten im Rahmen dieser Cookie-Richtlinie verantwortlich ist.<br \/>\n<\/span><\/li>\n<li class=\"li8\"><span class=\"s1\"><strong>Ger\u00e4t:<\/strong>\u00a0jedes mit dem Internet verbundene Ger\u00e4t wie ein Telefon, Tablet, Computer oder jedes andere Ger\u00e4t, das zum Besuch verwendet werden kann\u00a0<a>Royal Sharm Anwesen<\/a>\u00a0und die Dienste nutzen.<br \/>\n<\/span><\/li>\n<li class=\"li8\"><span class=\"s1\"><strong>Pers\u00f6nliche Daten:<\/strong>\u00a0Alle Informationen, die direkt, indirekt oder in Verbindung mit anderen Informationen \u2013 einschlie\u00dflich einer pers\u00f6nlichen Identifikationsnummer \u2013 die Identifizierung oder Identifizierbarkeit einer nat\u00fcrlichen Person erm\u00f6glichen.<br \/>\n<\/span><\/li>\n<li class=\"li8\"><span class=\"s1\"><strong>Service:<\/strong>\u00a0bezieht sich auf die von\u00a0<a>Royal Sharm Anwesen<\/a>\u00a0wie in den entsprechenden Bedingungen (sofern verf\u00fcgbar) und auf dieser Plattform beschrieben.<br \/>\n<\/span><\/li>\n<li class=\"li8\"><span class=\"s1\"><strong>Drittanbieterdienst:<\/strong>\u00a0bezieht sich auf Werbetreibende, Sponsoren von Wettbewerben, Werbe- und Marketingpartner sowie andere, die unsere Inhalte bereitstellen oder deren Produkte oder Dienstleistungen Sie unserer Meinung nach interessieren k\u00f6nnten.<br \/>\n<\/span><\/li>\n<li class=\"li8\"><span class=\"s1\"><strong>Webseite:<\/strong>\u00a0<a>Royal Sharm Anwesen<\/a>\u2019Die Website von [Name], die \u00fcber diese URL aufgerufen werden kann:\u00a0<a>http:\/\/royalsharmproperty.com\/.<\/a><br \/>\n<\/span><\/li>\n<li class=\"li8\"><span class=\"s1\"><strong>Du:<\/strong>\u00a0eine Person oder Organisation, die registriert ist bei\u00a0<a>Royal Sharm Anwesen<\/a>\u00a0um die Dienste nutzen zu k\u00f6nnen.<br \/>\n<\/span><\/li>\n<\/ul>\n<h1>Einf\u00fchrung<\/h1>\n<p class=\"p10\"><span class=\"s1\">Diese Cookie-Richtlinie erkl\u00e4rt, wie\u00a0<a>Royal Sharm Anwesen<\/a>\u00a0und ihre verbundenen Unternehmen (zusammen \u201c<a>Royal Sharm Anwesen<\/a>\u201cWir (\u201cwir\u201d, \u201cuns\u201d und \u201cunser\u201d) verwenden Cookies und \u00e4hnliche Technologien, um Sie beim Besuch unserer Plattform wiederzuerkennen, insbesondere auf http:\/\/royalsharmproperty.com\/ und allen zugeh\u00f6rigen URLs, mobilen oder lokalisierten Versionen sowie zugeh\u00f6rigen Domains\/Subdomains (\u201cWebsites\u201d). Diese Informationen erl\u00e4utern, was diese Technologien sind, warum wir sie verwenden und wie Sie deren Verwendung kontrollieren k\u00f6nnen.<\/span><\/p>\n<h1>Was ist ein Cookie?<\/h1>\n<p class=\"p10\"><span class=\"s1\">Ein Cookie ist eine kleine Textdatei, die auf Ihrem Computer oder einem anderen mit dem Internet verbundenen Ger\u00e4t gespeichert wird, um Ihren Browser zu identifizieren, Analysen bereitzustellen und Informationen \u00fcber Sie zu speichern, wie z. B. Ihre Sprachpr\u00e4ferenz oder Anmeldeinformationen. Cookies sind v\u00f6llig sicher und k\u00f6nnen nicht dazu verwendet werden, Programme auszuf\u00fchren oder Viren auf Ihr Ger\u00e4t zu \u00fcbertragen.<\/span><\/p>\n<h1>Warum verwenden wir Cookies?<\/h1>\n<p class=\"p10\"><span class=\"s1\">Wir verwenden auf unserer Plattform Erstanbieter- und\/oder Drittanbieter-Cookies f\u00fcr verschiedene Zwecke, wie zum Beispiel:<\/span><\/p>\n<ul class=\"ul1\">\n<li><span class=\"s3\">Um den Betrieb und die Funktionalit\u00e4t unserer Plattform zu erleichtern;<\/span><\/li>\n<li><span class=\"s3\">Um Ihre Nutzung unserer Plattform zu optimieren und die Navigation darauf zu beschleunigen und zu vereinfachen;<\/span><\/li>\n<li><span class=\"s3\">Damit wir Ihnen ein ma\u00dfgeschneidertes Nutzererlebnis bieten und verstehen k\u00f6nnen, was f\u00fcr Sie n\u00fctzlich oder interessant ist;<\/span><\/li>\n<li><span class=\"s3\">Um zu analysieren, wie unsere Plattform genutzt wird und wie wir sie am besten anpassen k\u00f6nnen;<\/span><\/li>\n<li><span class=\"s3\">Um zuk\u00fcnftige Interessenten zu identifizieren und die Marketing- und Vertriebsinteraktionen mit ihnen zu personalisieren;<\/span><\/li>\n<li><span class=\"s3\">Um die Online-Werbung besser auf Ihre Interessen abzustimmen.<\/span><\/li>\n<\/ul>\n<h1>Welche Art von Cookies macht\u00a0<a>Royal Sharm Anwesen<\/a>\u00a0verwenden?<\/h1>\n<p class=\"p10\"><span class=\"s1\">Cookies k\u00f6nnen entweder Sitzungs-Cookies oder dauerhafte Cookies sein. Ein Sitzungs-Cookie l\u00e4uft automatisch ab, sobald Sie Ihren Browser schlie\u00dfen. Ein dauerhafter Cookie bleibt so lange gespeichert, bis er abl\u00e4uft oder Sie Ihre Cookies l\u00f6schen. Das Ablaufdatum ist in den Cookies selbst festgelegt; manche laufen nach wenigen Minuten ab, andere erst nach mehreren Jahren. Cookies, die von der besuchten Website gesetzt werden, nennt man \u201cErstanbieter-Cookies\u201d.<\/span><\/p>\n<p class=\"p10\"><span class=\"s1\">Unbedingt erforderliche Cookies sind f\u00fcr die Funktion unserer Plattform notwendig und k\u00f6nnen in unseren Systemen nicht deaktiviert werden. Sie sind unerl\u00e4sslich, damit Sie auf der Plattform navigieren und deren Funktionen nutzen k\u00f6nnen. Wenn Sie diese Cookies entfernen oder deaktivieren, k\u00f6nnen wir die Nutzung unserer Plattform nicht garantieren.<\/span><\/p>\n<p class=\"p10\"><span class=\"s1\">Wir verwenden auf unserer Plattform folgende Arten von Cookies:<\/span><\/p>\n<h1>Essenzielle Cookies<\/h1>\n<p class=\"p10\"><span class=\"s1\">Wir verwenden essenzielle Cookies, um die Funktionalit\u00e4t unserer Plattform zu gew\u00e4hrleisten. Diese Cookies sind unbedingt erforderlich, um Kernfunktionen wie Sicherheit, Netzwerkverwaltung, Ihre Cookie-Einstellungen und Barrierefreiheit zu erm\u00f6glichen. Ohne sie k\u00f6nnten Sie grundlegende Dienste nicht nutzen. Sie k\u00f6nnen diese Cookies in Ihren Browsereinstellungen deaktivieren, dies kann jedoch die Funktionsweise der Website beeintr\u00e4chtigen.<\/span><\/p>\n<h1>Leistungs- und Funktions-Cookies<\/h1>\n<p class=\"p10\"><span class=\"s1\">Diese Cookies dienen der Verbesserung der Leistung und Funktionalit\u00e4t unserer Plattform, sind aber f\u00fcr deren Nutzung nicht unbedingt erforderlich. Ohne diese Cookies stehen Ihnen jedoch bestimmte Funktionen wie Videos m\u00f6glicherweise nicht zur Verf\u00fcgung, oder Sie m\u00fcssten Ihre Anmeldedaten bei jedem Besuch der Plattform erneut eingeben, da wir uns nicht merken k\u00f6nnten, dass Sie sich bereits angemeldet hatten.<\/span><\/p>\n<h1>Marketing-Cookies<\/h1>\n<p class=\"p10\"><span class=\"s1\">Mithilfe dieser Account-basierten Marketing-Cookies k\u00f6nnen wir zuk\u00fcnftige Interessenten identifizieren und die Vertriebs- und Marketinginteraktionen mit ihnen personalisieren.<\/span><\/p>\n<h1>Analyse- und Personalisierungs-Cookies<\/h1>\n<p class=\"p10\"><span class=\"s1\">Diese Cookies sammeln Informationen, die uns helfen zu verstehen, wie unsere Plattform genutzt wird oder wie effektiv unsere Marketingkampagnen sind, oder die uns helfen, unsere Plattform f\u00fcr Sie zu personalisieren.<\/p>\n<p>Wir verwenden Cookies von Google Analytics, um begrenzte Daten direkt von den Browsern unserer Nutzer zu erfassen und so Ihr Nutzungsverhalten auf unserer Plattform besser zu verstehen. Weitere Informationen zur Datenerhebung und -nutzung durch Google finden Sie unter: https:\/\/www.google.com\/policies\/privacy\/partners\/. Sie k\u00f6nnen die Google-gest\u00fctzten Analysefunktionen auf unseren Websites deaktivieren, indem Sie folgenden Link besuchen: https:\/\/tools.google.com\/dlpage\/gaoptout.<\/span><\/p>\n<h1>Cookies f\u00fcr soziale Medien<\/h1>\n<p class=\"p10\"><span class=\"s1\">Diese Cookies werden verwendet, wenn Sie Informationen \u00fcber einen Social-Media-Button oder einen \u201cGef\u00e4llt mir\u201d-Button auf unserer Website teilen oder Ihr Konto verkn\u00fcpfen oder mit unseren Inhalten auf oder \u00fcber ein soziales Netzwerk wie Facebook, Twitter oder Google+ interagieren. Das soziale Netzwerk speichert diese Aktionen. Diese Cookies k\u00f6nnen auch Code enthalten, der auf der Plattform platziert wurde, um Conversions von Anzeigen zu erfassen, Anzeigen anhand gesammelter Daten zu optimieren, Zielgruppen f\u00fcr zuk\u00fcnftige Anzeigen zu erstellen und qualifizierte Nutzer, die bereits bestimmte Aktionen auf der Plattform durchgef\u00fchrt haben, erneut anzusprechen.<\/span><\/p>\n<h1>Cookies von Drittanbietern<\/h1>\n<p class=\"p10\"><span class=\"s1\">Einige Cookies, die auf unserer Plattform gesetzt wurden, werden nicht von Erstanbietern gesetzt.\u00a0<a>Royal Sharm Anwesen<\/a>. Die Websites k\u00f6nnen Inhalte von Drittanbietern einbinden, um Werbung zu schalten. Diese Drittanbieter k\u00f6nnen eigene Cookies in Ihrem Webbrowser setzen. Viele der oben beschriebenen Leistungs-, Funktions-, Werbe-, Marketing- und Analyse-Cookies werden von den Drittanbietern kontrolliert. Wir haben keinen Einfluss auf die Verwendung dieser Cookies, da nur der jeweilige Drittanbieter darauf zugreifen kann.<\/span><\/p>\n<h1>Wie kann man Cookies verwalten?<\/h1>\n<p class=\"p10\"><span class=\"s1\">Die meisten Browser erm\u00f6glichen es Ihnen, Cookies \u00fcber die Einstellungen zu verwalten. Wenn Sie jedoch die M\u00f6glichkeit von Websites, Cookies zu setzen, einschr\u00e4nken, kann sich dies auf Ihre Benutzererfahrung auswirken, da die Website dann nicht mehr personalisiert ist. Au\u00dferdem k\u00f6nnen Sie dann m\u00f6glicherweise keine benutzerdefinierten Einstellungen wie Anmeldeinformationen mehr speichern. Browserhersteller bieten Hilfeseiten zur Cookie-Verwaltung in ihren Produkten an.<\/span><\/p>\n<p>&nbsp;<\/p>\n<p class=\"p10\"><span class=\"s1\">Browserhersteller bieten Hilfeseiten zur Cookie-Verwaltung ihrer Produkte an. Weitere Informationen finden Sie unten.<\/span><\/p>\n<ul class=\"ul1\">\n<li><span class=\"s3\">Google Chrome<\/span><\/li>\n<li><span class=\"s3\">Internet Explorer<\/span><\/li>\n<li><span class=\"s3\">Mozilla Firefox<\/span><\/li>\n<li><span class=\"s3\">Safari (Desktop)<\/span><\/li>\n<li><span class=\"s3\">Safari (Mobil)<\/span><\/li>\n<li><span class=\"s3\">Android-Browser<\/span><\/li>\n<li><span class=\"s3\">Oper<\/span><\/li>\n<li><span class=\"s3\">Opera Mobile<\/span><\/li>\n<\/ul>\n<h1>Blockieren und Deaktivieren von Cookies und \u00e4hnlichen Technologien<\/h1>\n<p class=\"p10\"><span class=\"s1\">Unabh\u00e4ngig von Ihrem Standort k\u00f6nnen Sie Ihren Browser so einstellen, dass er Cookies und \u00e4hnliche Technologien blockiert. Dies kann jedoch dazu f\u00fchren, dass unsere essenziellen Cookies blockiert werden und unsere Website nicht ordnungsgem\u00e4\u00df funktioniert. Sie k\u00f6nnen dann m\u00f6glicherweise nicht alle Funktionen und Dienste vollst\u00e4ndig nutzen. Beachten Sie au\u00dferdem, dass beim Blockieren von Cookies gespeicherte Informationen (z. B. Anmeldedaten, Website-Einstellungen) verloren gehen k\u00f6nnen. Die Steuerungsm\u00f6glichkeiten variieren je nach Browser. Das Deaktivieren eines Cookies oder einer Cookie-Kategorie l\u00f6scht den Cookie nicht automatisch aus Ihrem Browser. Dies m\u00fcssen Sie manuell in den Browsereinstellungen vornehmen. Weitere Informationen finden Sie in der Hilfe Ihres Browsers.<\/span><\/p>\n<h1>\u00c4nderungen unserer Cookie-Richtlinie<\/h1>\n<p class=\"p10\"><span class=\"s1\">Wir behalten uns vor, unseren Service und unsere Richtlinien zu \u00e4ndern. Gegebenenfalls m\u00fcssen wir auch diese Cookie-Richtlinie anpassen, damit sie unseren Service und unsere Richtlinien korrekt widerspiegelt. Sofern gesetzlich nichts anderes vorgeschrieben ist, werden wir Sie (z. B. \u00fcber unseren Service) vor \u00c4nderungen an dieser Cookie-Richtlinie benachrichtigen und Ihnen die M\u00f6glichkeit geben, diese vor Inkrafttreten zu pr\u00fcfen. Wenn Sie den Service anschlie\u00dfend weiterhin nutzen, gilt die aktualisierte Cookie-Richtlinie f\u00fcr Sie. Sollten Sie dieser oder einer aktualisierten Cookie-Richtlinie nicht zustimmen, k\u00f6nnen Sie Ihr Konto l\u00f6schen.<\/span><\/p>\n<h1>Ihre Zustimmung<\/h1>\n<p class=\"p10\"><span class=\"s1\">Durch die Nutzung unserer Plattform, die Registrierung eines Kontos oder einen Kauf erkl\u00e4ren Sie sich mit unserer Cookie-Richtlinie einverstanden und akzeptieren deren Bedingungen.<\/span><\/p>\n<h1>Kontaktieren Sie uns<\/h1>\n<p class=\"p10\"><span class=\"s1\">Z\u00f6gern Sie nicht, uns zu kontaktieren, wenn Sie Fragen zu unserer Cookie-Richtlinie haben.<\/span><\/p>\n<ul class=\"ul1\">\n<li class=\"li16\"><span class=\"s3\">Per E-Mail:\u00a0<a>Info@royalsharmproperty.com<\/a><\/span><\/li>\n<li class=\"li16\"><span class=\"s3\">Per Telefonnummer:\u00a0<a>01000135002<\/a><\/span><\/li>\n<li class=\"li16\"><span class=\"s3\">\u00dcber diesen Link:\u00a0<a>http:\/\/royalsharmproperty.com\/about-us<\/a><\/span><\/li>\n<li class=\"li16\"><span class=\"s3\">\u00dcber diese Adresse:\u00a0<a>Viva Mall, Peace Road, B\u00fcro Nr. 20, Sharm El-Sheikh, S\u00fcdsinai, \u00c4gypten<\/a><\/span><\/li>\n<\/ul>","protected":false},"excerpt":{"rendered":"<p>Cookie Policy Updated at 2021-11-15 Definitions and key terms To help explain things as clearly as possible in this Cookie Policy, every time any of these terms are referenced, are strictly defined as: Cookie:\u00a0small amount of data generated by a website and saved by your web browser. It is used to identify your browser, provide [&hellip;]<\/p>","protected":false},"author":1,"featured_media":0,"parent":0,"menu_order":137,"comment_status":"closed","ping_status":"closed","template":"","meta":{"_acf_changed":false,"footnotes":""},"wf_page_folders":[4367],"class_list":["post-24847","page","type-page","status-publish","hentry"],"acf":[],"_links":{"self":[{"href":"https:\/\/royalsharmproperty.com\/de\/wp-json\/wp\/v2\/pages\/24847","targetHints":{"allow":["GET"]}}],"collection":[{"href":"https:\/\/royalsharmproperty.com\/de\/wp-json\/wp\/v2\/pages"}],"about":[{"href":"https:\/\/royalsharmproperty.com\/de\/wp-json\/wp\/v2\/types\/page"}],"author":[{"embeddable":true,"href":"https:\/\/royalsharmproperty.com\/de\/wp-json\/wp\/v2\/users\/1"}],"replies":[{"embeddable":true,"href":"https:\/\/royalsharmproperty.com\/de\/wp-json\/wp\/v2\/comments?post=24847"}],"version-history":[{"count":0,"href":"https:\/\/royalsharmproperty.com\/de\/wp-json\/wp\/v2\/pages\/24847\/revisions"}],"wp:attachment":[{"href":"https:\/\/royalsharmproperty.com\/de\/wp-json\/wp\/v2\/media?parent=24847"}],"wp:term":[{"taxonomy":"wf_page_folders","embeddable":true,"href":"https:\/\/royalsharmproperty.com\/de\/wp-json\/wp\/v2\/wf_page_folders?post=24847"}],"curies":[{"name":"wp","href":"https:\/\/api.w.org\/{rel}","templated":true}]}}