{"id":24371,"date":"2021-11-10T12:24:47","date_gmt":"2021-11-10T10:24:47","guid":{"rendered":"http:\/\/royalsharmproperty.com\/?page_id=24371"},"modified":"2023-05-22T07:56:55","modified_gmt":"2023-05-22T04:56:55","slug":"reisefuhrer-fur-sharm-el-sheikh","status":"publish","type":"page","link":"https:\/\/royalsharmproperty.com\/de\/reisefuhrer-fur-sharm-el-sheikh\/","title":{"rendered":"Reisef\u00fchrer f\u00fcr Sharm El Sheikh"},"content":{"rendered":"<div class=\"wpb-content-wrapper\"><div data-vc-full-width=\"true\" data-vc-full-width-init=\"false\" data-vc-stretch-content=\"true\" class=\"vc_row wpb_row vc_row-fluid vc_custom_1643571006897 vc_row-has-fill vc_row-no-padding\"><div class=\"wpb_column vc_column_container vc_col-sm-12\"><div class=\"vc_column-inner\"><div class=\"wpb_wrapper\">[ucaddon_uc_resturant_header title=\u201dReisef\u00fchrer f\u00fcr Sharm El Sheikh\u201d image=\u201d24404\u2033 sub_title=\u201d\u201d button_text=\u201d\u201d button_link=\u201d\u201d uc_init_settings=\u201d\u201d uc_fonts_data=\u201dJTdCJTdE\u201d]<\/div><\/div><\/div><\/div><div class=\"vc_row-full-width vc_clearfix\"><\/div><div class=\"vc_row wpb_row vc_row-fluid\"><div class=\"wpb_column vc_column_container vc_col-sm-3\"><div class=\"vc_column-inner\"><div class=\"wpb_wrapper\"><\/div><\/div><\/div><div class=\"wpb_column vc_column_container vc_col-sm-6\"><div class=\"vc_column-inner\"><div class=\"wpb_wrapper\">\n\t<div class=\"wpb_text_column wpb_content_element\" >\n\t\t<div class=\"wpb_wrapper\">\n\t\t\t<p>Sharm El-Sheikh ist ein beliebter \u00e4gyptischer Badeort, der einige der sch\u00f6nsten Sehensw\u00fcrdigkeiten der Welt beherbergt. Historisch gesehen erlangte Sharm El-Sheikh besondere Bedeutung aufgrund seiner strategischen Lage, die die Kontrolle \u00fcber die schmale Einfahrt zum Golf von Aqaba erm\u00f6glichte. Unter \u00e4gyptischer Verwaltung begann sich die Region zu einem bekannten Touristenziel zu entwickeln, und diese Entwicklung wird von \u00e4gyptischen Unternehmen fortgesetzt. Die Stadt hat sich in letzter Zeit zu einem bevorzugten Reiseziel f\u00fcr Besucher aus aller Welt entwickelt. Die einzigartige Artenvielfalt der Unterwasserwelt tr\u00e4gt dazu bei, die Besucherzahlen der Region zu steigern und sie zu einem beliebten Schnorchelziel zu machen. Mit seinen beliebten Strandresorts, der reichen Unterwasserwelt, den wundersch\u00f6nen Korallenriffen und einzigartigen Tauchpl\u00e4tzen liegt Sharm El-Sheikh zwischen Kairo und Taba.<\/p>\n<p><img fetchpriority=\"high\" decoding=\"async\" class=\"aligncenter wp-image-9112\" src=\"https:\/\/royalsharmproperty.com\/wp-content\/uploads\/2021\/09\/Royal-Residence-3-Sharm-Real-Estate-Project-shot-4-300x212.jpg\" alt=\"Royal Residence 3 Sharm Immobilienprojekt, Aufnahme 4\" width=\"800\" height=\"565\" srcset=\"https:\/\/royalsharmproperty.com\/wp-content\/uploads\/2021\/09\/Royal-Residence-3-Sharm-Real-Estate-Project-shot-4-300x212.jpg 300w, https:\/\/royalsharmproperty.com\/wp-content\/uploads\/2021\/09\/Royal-Residence-3-Sharm-Real-Estate-Project-shot-4-1024x724.jpg 1024w, https:\/\/royalsharmproperty.com\/wp-content\/uploads\/2021\/09\/Royal-Residence-3-Sharm-Real-Estate-Project-shot-4-768x543.jpg 768w, https:\/\/royalsharmproperty.com\/wp-content\/uploads\/2021\/09\/Royal-Residence-3-Sharm-Real-Estate-Project-shot-4.jpg 1241w\" sizes=\"(max-width: 800px) 100vw, 800px\" \/><\/p>\n<p>Es gibt unz\u00e4hlige M\u00f6glichkeiten, Ihren Aufenthalt in Sharm El-Sheikh unvergesslich zu machen. Die Stadt beherbergt einige der faszinierendsten Landschaften der Sinai-Halbinsel und des Roten Meeres. Verbringen Sie einen Tag mit Sonnenbaden an einem der sch\u00f6nsten Str\u00e4nde der Welt, erkunden Sie die lokale Kultur bei einem Bummel durch die Altstadt, unternehmen Sie eine Wanderung auf dem Berg Sinai oder tauchen Sie ein in die Tiefen des Meeres und entdecken Sie die Unterwassersch\u00e4tze an zahlreichen Tauchpl\u00e4tzen, insbesondere im Ras Mohammed Marine Park. Auch viele historische Sehensw\u00fcrdigkeiten erwarten Sie in der Region, wie das Katharinenkloster am Fu\u00dfe des Berges Sinai, der alte Markt von Sharm und die Al-Sahaba-Moschee.<\/p>\n<h2><strong>Allgemeine Informationen\u00a0<\/strong><\/h2>\n<table>\n<tbody>\n<tr>\n<td><strong>Land:<\/strong><\/td>\n<td><a title=\"\u00c4gypten-Reisef\u00fchrer\" href=\"https:\/\/www.flypgs.com\/en\/travel-guide\/egypt\" target=\"_blank\" rel=\"noopener nofollow\">\u00c4gypten<\/a><\/td>\n<\/tr>\n<tr>\n<td><strong>Region:<\/strong><\/td>\n<td>Sinai-Halbinsel<\/td>\n<\/tr>\n<tr>\n<td><strong>Bereich:<\/strong><\/td>\n<td>180 km\u00b2<\/td>\n<\/tr>\n<tr>\n<td><strong>Sprache:<\/strong><\/td>\n<td>Arabisch<\/td>\n<\/tr>\n<tr>\n<td><strong>Durchschnittstemperatur:<\/strong><\/td>\n<td>23,1 \u00b0C<\/td>\n<\/tr>\n<tr>\n<td><strong>Klima:<\/strong><\/td>\n<td>W\u00fcstenklima<\/td>\n<\/tr>\n<tr>\n<td><strong>Vegetation:<\/strong><\/td>\n<td>Steppenkaktus<\/td>\n<\/tr>\n<tr>\n<td><strong>Der Unterschied zwischen GMT:<\/strong><\/td>\n<td>GMT +2<\/td>\n<\/tr>\n<tr>\n<td><strong>Telefonvorwahl:<\/strong><\/td>\n<td>+20 69<\/td>\n<\/tr>\n<tr>\n<td><strong>W\u00e4hrung:<\/strong><\/td>\n<td>\u00c4gyptisches Pfund<\/td>\n<\/tr>\n<tr>\n<td><strong>Steckdosentyp:<\/strong><\/td>\n<td>Typ C<\/td>\n<\/tr>\n<\/tbody>\n<\/table>\n<h2>Wie komme ich nach Sharm El-Sheikh?<\/h2>\n<p><iframe style=\"border: 0;\" src=\"https:\/\/www.google.com\/maps\/embed?pb=!1m14!1m8!1m3!1d225550.35761243314!2d34.348753!3d27.956415!3m2!1i1024!2i768!4f13.1!3m3!1m2!1s0x14533bca3624d2e3%3A0xdd987e9c1945fd9c!2zxZ5hcm0gRWwtxZ5leWgsIFFlc20gU2hhcm0gQXNoIFNoZWlraCwgR8O8bmV5IFNpbmEsIE3EsXPEsXI!5e0!3m2!1str!2str!4v1636536489984!5m2!1str!2str\" width=\"600\" height=\"450\" allowfullscreen=\"allowfullscreen\"><\/iframe><\/p>\n<h3>Transport vom Flughafen Sharm El-Sheikh ins Stadtzentrum<\/h3>\n<p>Der internationale Flughafen Sharm El-Sheikh (SSH) ist gut mit Minibussen, Taxis und Shuttlebussen erreichbar. Um Ihre Reise zu vereinfachen, k\u00f6nnen Sie einen Flughafentransfer buchen.\u00a0<span style=\"color: #ff0000;\">Shuttle-Service online<\/span>. Alternativ k\u00f6nnen Sie von Folgendem profitieren:\u00a0<span style=\"color: #ff0000;\">Royal Sharm Property Autovermietung<\/span>\u00a0f\u00fcr eine komfortablere Transportm\u00f6glichkeit w\u00e4hrend Ihrer Reise.<\/p>\n<h3>\u00d6ffentlicher Nahverkehr in Sharm El-Sheikh<\/h3>\n<p>Das \u00f6ffentliche Verkehrsnetz der Stadt ist nicht sehr gut ausgebaut. Am h\u00e4ufigsten f\u00e4hrt man f\u00fcr kurze Strecken mit dem Minibus. Diese verkehren auf den Hauptstra\u00dfen in beide Richtungen. Obwohl sie das g\u00fcnstigste und am h\u00e4ufigsten genutzte Verkehrsmittel sind, eignen sie sich nicht unbedingt, wenn man es eilig hat. Taxis sind daher die beliebteste Option, da sie leicht verf\u00fcgbar sind.<\/p>\n<h2>Beste Reisezeit f\u00fcr Sharm El-Sheikh<\/h2>\n<p><img decoding=\"async\" class=\"aligncenter wp-image-9088\" src=\"https:\/\/royalsharmproperty.com\/wp-content\/uploads\/2021\/09\/Royal-Residence-2-Sharm-Real-Estate-Project-shot-12-300x200.jpg\" alt=\"Royal Residence 2 Sharm Immobilienprojekt, Aufnahme 12\" width=\"800\" height=\"533\" srcset=\"https:\/\/royalsharmproperty.com\/wp-content\/uploads\/2021\/09\/Royal-Residence-2-Sharm-Real-Estate-Project-shot-12-300x200.jpg 300w, https:\/\/royalsharmproperty.com\/wp-content\/uploads\/2021\/09\/Royal-Residence-2-Sharm-Real-Estate-Project-shot-12-1024x682.jpg 1024w, https:\/\/royalsharmproperty.com\/wp-content\/uploads\/2021\/09\/Royal-Residence-2-Sharm-Real-Estate-Project-shot-12-768x512.jpg 768w, https:\/\/royalsharmproperty.com\/wp-content\/uploads\/2021\/09\/Royal-Residence-2-Sharm-Real-Estate-Project-shot-12.jpg 1280w\" sizes=\"(max-width: 800px) 100vw, 800px\" \/><\/p>\n<p>Die Sommertemperaturen k\u00f6nnen in Sharm El Sheikh mit bis zu 50 \u00b0C extrem hoch werden. Die beste Reisezeit f\u00fcr diesen faszinierenden Ort sind Fr\u00fchling und Herbst, wenn die Nebensaison mit angenehmeren Temperaturen beginnt. Planen Sie mindestens drei Tage ein, um die Stadt vollst\u00e4ndig zu erkunden.<\/p>\n<h3>Festivals in Sharm El-Sheikh<\/h3>\n<p>In Sharm El-Sheikh werden das ganze Jahr \u00fcber zahlreiche Feste gefeiert:<\/p>\n<ul>\n<li>Tag der Einheit (Februar)<\/li>\n<li>Abu Simbel Festival (Februar)<\/li>\n<li>Koptische Weihnachten (Januar)<\/li>\n<li>Chinesischer Unabh\u00e4ngigkeitstag (April)<\/li>\n<li>Shem El Nessim (April)<\/li>\n<li>Leylet En Nuktah (Juni)<\/li>\n<li>Tag der Revolution (Juli)<\/li>\n<li>Kunstfestival (August)<\/li>\n<\/ul>\n<h2>Sehensw\u00fcrdigkeiten in Sharm El-Sheikh<\/h2>\n<p>Sharm El-Sheikh ist ein Tor zum Paradies, wo Sie w\u00e4hrend Ihres Aufenthalts eine unvergessliche Zeit verbringen werden. Hier sind die Orte, die Sie in Sharm El-Sheikh unbedingt besuchen sollten.<\/p>\n<h3>Tauchzentren<\/h3>\n<p><img decoding=\"async\" class=\"aligncenter wp-image-24380\" src=\"https:\/\/royalsharmproperty.com\/wp-content\/uploads\/2021\/11\/Diving-Centers-300x201.jpg\" alt=\"Tauchzentren\" width=\"800\" height=\"535\" srcset=\"https:\/\/royalsharmproperty.com\/wp-content\/uploads\/2021\/11\/Diving-Centers-300x201.jpg 300w, https:\/\/royalsharmproperty.com\/wp-content\/uploads\/2021\/11\/Diving-Centers-1024x685.jpg 1024w, https:\/\/royalsharmproperty.com\/wp-content\/uploads\/2021\/11\/Diving-Centers-768x514.jpg 768w, https:\/\/royalsharmproperty.com\/wp-content\/uploads\/2021\/11\/Diving-Centers.jpg 1252w\" sizes=\"(max-width: 800px) 100vw, 800px\" \/><\/p>\n<p>Ein Bad im t\u00fcrkisfarbenen Wasser des Roten Meeres geh\u00f6rt zu den beliebtesten Aktivit\u00e4ten in Sharm El Sheikh. Zu den bekanntesten Tauchzentren z\u00e4hlen Ras Um Sid, das Sheikh Coast Diving Center und Sharm El Maya, die mit ihrer atemberaubenden Unterwasserwelt begeistern.<\/p>\n<h3>Ras Mohammed Nationalpark<\/h3>\n<p><img loading=\"lazy\" decoding=\"async\" class=\"wp-image-24374 aligncenter\" src=\"https:\/\/royalsharmproperty.com\/wp-content\/uploads\/2021\/11\/Ras-Mohammed-National-Park-300x225.jpg\" alt=\"Ras Mohammed Nationalpark\" width=\"800\" height=\"600\" srcset=\"https:\/\/royalsharmproperty.com\/wp-content\/uploads\/2021\/11\/Ras-Mohammed-National-Park-300x225.jpg 300w, https:\/\/royalsharmproperty.com\/wp-content\/uploads\/2021\/11\/Ras-Mohammed-National-Park-1024x768.jpg 1024w, https:\/\/royalsharmproperty.com\/wp-content\/uploads\/2021\/11\/Ras-Mohammed-National-Park-768x576.jpg 768w, https:\/\/royalsharmproperty.com\/wp-content\/uploads\/2021\/11\/Ras-Mohammed-National-Park.jpg 1183w\" sizes=\"(max-width: 800px) 100vw, 800px\" \/><\/p>\n<p>Der Ras Mohammed Nationalpark z\u00e4hlt zu den weltber\u00fchmten Meeresparks der Sinai-Halbinsel. Er ist auch ein beliebtes Ziel f\u00fcr Taucher und Schnorchelbegeisterte, die das kristallklare Wasser erkunden und die einzigartigen Korallenriffe entdecken m\u00f6chten, die nach dem Great Barrier Reef in Australien zu den sch\u00f6nsten Orten der Welt geh\u00f6ren.<\/p>\n<h3>Farbenfroher Canyon<\/h3>\n<p>Von Sharm El-Sheikh aus k\u00f6nnen Sie den Canyon auf einer Safari-Tour erkunden \u2013 entweder mit gef\u00fchrten Touren oder mit Gel\u00e4ndewagen. Der farbenpr\u00e4chtige Canyon besteht aus Gesteinen in vielen verschiedenen Farben, die durch Oxidation entstanden sind und der einzigartigen Landschaft ihren Namen geben. Sie k\u00f6nnen durch die Schluchten wandern und dieses Naturwunder inmitten einer wundersch\u00f6nen Landschaft genie\u00dfen.<\/p>\n<h3>W\u00fcstensafari<\/h3>\n<p>Es gibt zahlreiche gef\u00fchrte Safaritouren, die Touristen auf eine abenteuerliche Reise durch die W\u00fcste von Sharm el-Sheikh mitnehmen. Sie k\u00f6nnen auf einem Kamel reiten, den bezaubernden Sonnenuntergang in der W\u00fcste genie\u00dfen und mit Beduinenf\u00fchrern die Sterne beobachten.<\/p>\n<h3>Berg Sinai und Katharina-Kloster<\/h3>\n<p><img loading=\"lazy\" decoding=\"async\" class=\"wp-image-24386 aligncenter\" src=\"https:\/\/royalsharmproperty.com\/wp-content\/uploads\/2021\/11\/Mount-Sinai-and-Monastery-of-St-Catherine-300x196.jpg\" alt=\"Berg Sinai und Katharina-Kloster\" width=\"800\" height=\"521\" srcset=\"https:\/\/royalsharmproperty.com\/wp-content\/uploads\/2021\/11\/Mount-Sinai-and-Monastery-of-St-Catherine-300x196.jpg 300w, https:\/\/royalsharmproperty.com\/wp-content\/uploads\/2021\/11\/Mount-Sinai-and-Monastery-of-St-Catherine-1024x667.jpg 1024w, https:\/\/royalsharmproperty.com\/wp-content\/uploads\/2021\/11\/Mount-Sinai-and-Monastery-of-St-Catherine-768x501.jpg 768w, https:\/\/royalsharmproperty.com\/wp-content\/uploads\/2021\/11\/Mount-Sinai-and-Monastery-of-St-Catherine.jpg 1269w\" sizes=\"(max-width: 800px) 100vw, 800px\" \/><\/p>\n<p>Der Berg Sinai gilt in den abrahamitischen Religionen als heiliger Ort, da er als der Ort angesehen wird, an dem der Prophet Moses die Zehn Gebote empfing. Das Katharinenkloster, 250 km au\u00dferhalb der Stadt am Fu\u00dfe des Berges Sinai gelegen, ist eine der \u00e4ltesten historischen Kultst\u00e4tten. Es wurde im 6. Jahrhundert vom byzantinischen Kaiser Justinian erbaut und geh\u00f6rt seit 2002 zum UNESCO-Weltkulturerbe.<\/p>\n<h2>Wo kann man in Sharm El-Sheikh \u00fcbernachten?<\/h2>\n<p><img loading=\"lazy\" decoding=\"async\" class=\"aligncenter wp-image-9124\" src=\"https:\/\/royalsharmproperty.com\/wp-content\/uploads\/2021\/09\/Royal-Residence-3-Sharm-Real-Estate-Project-shot-6-300x212.jpg\" alt=\"Royal Residence 3 Sharm Immobilienprojekt, Aufnahme 6\" width=\"800\" height=\"565\" srcset=\"https:\/\/royalsharmproperty.com\/wp-content\/uploads\/2021\/09\/Royal-Residence-3-Sharm-Real-Estate-Project-shot-6-300x212.jpg 300w, https:\/\/royalsharmproperty.com\/wp-content\/uploads\/2021\/09\/Royal-Residence-3-Sharm-Real-Estate-Project-shot-6-1024x724.jpg 1024w, https:\/\/royalsharmproperty.com\/wp-content\/uploads\/2021\/09\/Royal-Residence-3-Sharm-Real-Estate-Project-shot-6-768x543.jpg 768w, https:\/\/royalsharmproperty.com\/wp-content\/uploads\/2021\/09\/Royal-Residence-3-Sharm-Real-Estate-Project-shot-6.jpg 1241w\" sizes=\"(max-width: 800px) 100vw, 800px\" \/><\/p>\n\n\t\t<\/div>\n\t<\/div>\n<style>.vc_btn3-style-gradient.vc_btn-gradient-btn-69e055555929e:hover{color: #fff;background-color: #5472d2;border: none;background-position: 100% 0;}<\/style><style>.vc_btn3-style-gradient.vc_btn-gradient-btn-69e055555929e{color: #fff;border: none;background-color: #00c1cf;background-image: -webkit-linear-gradient(left, #00c1cf 0%, #5472d2 50%,#00c1cf 100%);background-image: linear-gradient(to right, #00c1cf 0%, #5472d2 50%,#00c1cf 100%);-webkit-transition: all .2s ease-in-out;transition: all .2s ease-in-out;background-size: 200% 100%;}<\/style><div class=\"vc_btn3-container vc_btn3-center vc_do_btn\" ><button data-vc-gradient-1=\"#00c1cf\" data-vc-gradient-2=\"#5472d2\" class=\"vc_general vc_btn3 vc_btn3-size-md vc_btn3-shape-rounded vc_btn3-style-gradient vc_btn3-icon-left vc_btn-gradient-btn-69e055555929e\"><i class=\"vc_btn3-icon fas fa-search-location\"><\/i> G\u00fcnstige Hotels finden<\/button><\/div>\n\t<div class=\"wpb_text_column wpb_content_element\" >\n\t\t<div class=\"wpb_wrapper\">\n\t\t\t<h2>Was sollte man in Sharm El-Sheikh essen?<\/h2>\n<p><img loading=\"lazy\" decoding=\"async\" class=\"aligncenter wp-image-24392\" src=\"https:\/\/royalsharmproperty.com\/wp-content\/uploads\/2021\/11\/What-to-Eat-in-Sharm-El-Sheikh-300x199.jpg\" alt=\"Was man in Sharm El-Sheikh essen sollte\" width=\"800\" height=\"530\" srcset=\"https:\/\/royalsharmproperty.com\/wp-content\/uploads\/2021\/11\/What-to-Eat-in-Sharm-El-Sheikh-300x199.jpg 300w, https:\/\/royalsharmproperty.com\/wp-content\/uploads\/2021\/11\/What-to-Eat-in-Sharm-El-Sheikh-1024x678.jpg 1024w, https:\/\/royalsharmproperty.com\/wp-content\/uploads\/2021\/11\/What-to-Eat-in-Sharm-El-Sheikh-768x509.jpg 768w, https:\/\/royalsharmproperty.com\/wp-content\/uploads\/2021\/11\/What-to-Eat-in-Sharm-El-Sheikh.jpg 1258w\" sizes=\"(max-width: 800px) 100vw, 800px\" \/><\/p>\n<p>Die Esskultur in \u00c4gypten ist stark von der libanesischen und indischen K\u00fcche beeinflusst; dennoch bietet Sharm El Sheikh als ber\u00fchmtes Touristenziel mit Besuchern aus aller Welt eine Vielzahl von Optionen, die von italienischen Restaurants bis hin zu fern\u00f6stlichen K\u00f6stlichkeiten der chinesischen oder thail\u00e4ndischen K\u00fcche reichen.<\/p>\n<ul>\n<li>Traditionelle \u00e4gyptische K\u00fcche: El Masrien Grill Restaurant (Alter Markt)<\/li>\n<li>Orientalisches Essen &amp; Grill: El Masrien Restaurant<\/li>\n<li>Meeresfr\u00fcchte: Fischmarkt (Sultan Gardens Resort)<\/li>\n<li>Shisha: Farsha Cafe (Umm El Sid Hill)<\/li>\n<li>Barbecue und Kebab: El Kababgy<\/li>\n<li>Franz\u00f6sische K\u00fcche: La Fleur<\/li>\n<li>Meeresfr\u00fcchte: Fares Seafood<\/li>\n<li>Italienische und vegetarische K\u00fcche: Frantogo<\/li>\n<li>Indisches Essen: Rangoli<\/li>\n<\/ul>\n<h2>Einkaufen in Sharm El-Sheikh: Die besten Souvenirs zum Kaufen<\/h2>\n<p><img loading=\"lazy\" decoding=\"async\" class=\"aligncenter wp-image-24398\" src=\"https:\/\/royalsharmproperty.com\/wp-content\/uploads\/2021\/11\/Old-market-sharm-el-sheikh-300x199.jpg\" alt=\"Alter Markt von Sharm el Sheikh\" width=\"800\" height=\"530\" srcset=\"https:\/\/royalsharmproperty.com\/wp-content\/uploads\/2021\/11\/Old-market-sharm-el-sheikh-300x199.jpg 300w, https:\/\/royalsharmproperty.com\/wp-content\/uploads\/2021\/11\/Old-market-sharm-el-sheikh-1024x678.jpg 1024w, https:\/\/royalsharmproperty.com\/wp-content\/uploads\/2021\/11\/Old-market-sharm-el-sheikh-768x509.jpg 768w, https:\/\/royalsharmproperty.com\/wp-content\/uploads\/2021\/11\/Old-market-sharm-el-sheikh.jpg 1258w\" sizes=\"(max-width: 800px) 100vw, 800px\" \/><\/p>\n<p>Die Soho Street und die Naama Bay z\u00e4hlen zu den beliebtesten Shopping-Adressen. Al Khan und La Strada sind zwei gro\u00dfe Einkaufszentren in der Nabq Bay. Ein weiterer bekannter Ort zum Shoppen ist der Alte Basar, der dem Gro\u00dfen Basar in Istanbul sehr \u00e4hnelt. Handgefertigter Schmuck, \u00e4gyptische Pharaonen- und Pyramidenfiguren, Gew\u00fcrze und traditionelle Kleidung geh\u00f6ren zu den beliebtesten Souvenirs.<\/p>\n<h2>Nachtleben in Sharm El-Sheikh<\/h2>\n<p><img loading=\"lazy\" decoding=\"async\" class=\"aligncenter wp-image-24404\" src=\"https:\/\/royalsharmproperty.com\/wp-content\/uploads\/2021\/11\/nightlife-in-sharm-el-sheikh-300x200.jpg\" alt=\"Nachtleben in Sharm el Sheikh\" width=\"800\" height=\"532\" srcset=\"https:\/\/royalsharmproperty.com\/wp-content\/uploads\/2021\/11\/nightlife-in-sharm-el-sheikh-300x200.jpg 300w, https:\/\/royalsharmproperty.com\/wp-content\/uploads\/2021\/11\/nightlife-in-sharm-el-sheikh-1024x681.jpg 1024w, https:\/\/royalsharmproperty.com\/wp-content\/uploads\/2021\/11\/nightlife-in-sharm-el-sheikh-768x511.jpg 768w, https:\/\/royalsharmproperty.com\/wp-content\/uploads\/2021\/11\/nightlife-in-sharm-el-sheikh.jpg 1255w\" sizes=\"(max-width: 800px) 100vw, 800px\" \/><\/p>\n<p>Sharm El Sheikh bietet ein pulsierendes Nachtleben. Die Naama Bay ist das beliebteste Ausgehviertel der Stadt. Das Sinai Grand Casino und der Nachtclub Dolce Vita Sharm El Sheikh mitten in der W\u00fcste z\u00e4hlen zu den angesagtesten Unterhaltungslokalen.<\/p>\n<h3>Wissenswertes vor einem Besuch in Sharm El-Sheikh<\/h3>\n<ul>\n<li>Die offizielle Sprache \u00c4gyptens ist Arabisch, aber M\u00fcnzen und Banknoten sind sowohl auf Arabisch als auch auf Englisch beschriftet.<\/li>\n<li>Wenn Sie ein Taxi ben\u00f6tigen, nehmen Sie die wei\u00df-blauen Fahrzeuge mit dem entsprechenden Schild auf dem Dach, da diese offiziell registriert sind. Es empfiehlt sich, den Fahrpreis vor Fahrtantritt zu vereinbaren.<\/li>\n<li>Feilschen geh\u00f6rt hier definitiv zur Einkaufskultur.<\/li>\n<li>Bei der Planung einer Reise nach Sharm El-Sheikh k\u00f6nnten Sicherheitsbedenken aufkommen, doch die pr\u00e4ventiven Ma\u00dfnahmen gegen Terrorismus wurden verst\u00e4rkt, und Reisen nach Sharm El-Sheikh gelten bei Einhaltung der gebotenen Sorgfalt als sicher. Die Regierung hat die Sicherheitsvorkehrungen durch die Pr\u00e4senz einer lokalen Touristenpolizei in Sharm El-Sheikh erh\u00f6ht.<\/li>\n<li>Reisenden wird geraten, besonders in belebten Gegenden im Stadtzentrum auf Taschendiebe zu achten.<\/li>\n<\/ul>\n<h3>Wichtige Zahlen<\/h3>\n<p><strong>Landesvorwahl:<\/strong>\u00a0+20 69<\/p>\n<p><strong>Touristenpolizei:<\/strong>\u00a0126<\/p>\n<p><strong>Notfallpolizei:<\/strong>\u00a0122<\/p>\n<p><strong>Krankenwagen:<\/strong>\u00a0123<\/p>\n<p><strong>Feuerwehr:<\/strong>\u00a0180<\/p>\n<p><strong>Internationaler Flughafen Sharm El Sheikh:<\/strong>\u00a0+20 69 360 1140<\/p>\n\n\t\t<\/div>\n\t<\/div>\n<\/div><\/div><\/div><div class=\"wpb_column vc_column_container vc_col-sm-3\"><div class=\"vc_column-inner\"><div class=\"wpb_wrapper\"><\/div><\/div><\/div><\/div>\n<\/div>","protected":false},"excerpt":{"rendered":"[ucaddon_uc_resturant_header title=\"Sharm El Sheikh Travel Guide\" image=\"24404\" sub_title=\"\" button_text=\"\" button_link=\"\" uc_init_settings=\"\" uc_fonts_data=\"JTdCJTdE\"] Sharm El-Sheikh is a popular Egyptian resort town, which is filled with some of the world\u2019s wonders. Historically, Sharm El-Sheikh gained particular significance due to its strategic location, which provides control over the narrow entrance to the Gulf of Aqaba. The area began [...]","protected":false},"author":1,"featured_media":0,"parent":0,"menu_order":124,"comment_status":"closed","ping_status":"closed","template":"page_full-width.php","meta":{"_acf_changed":false,"footnotes":""},"wf_page_folders":[],"class_list":["post-24371","page","type-page","status-publish","hentry"],"acf":[],"_links":{"self":[{"href":"https:\/\/royalsharmproperty.com\/de\/wp-json\/wp\/v2\/pages\/24371","targetHints":{"allow":["GET"]}}],"collection":[{"href":"https:\/\/royalsharmproperty.com\/de\/wp-json\/wp\/v2\/pages"}],"about":[{"href":"https:\/\/royalsharmproperty.com\/de\/wp-json\/wp\/v2\/types\/page"}],"author":[{"embeddable":true,"href":"https:\/\/royalsharmproperty.com\/de\/wp-json\/wp\/v2\/users\/1"}],"replies":[{"embeddable":true,"href":"https:\/\/royalsharmproperty.com\/de\/wp-json\/wp\/v2\/comments?post=24371"}],"version-history":[{"count":0,"href":"https:\/\/royalsharmproperty.com\/de\/wp-json\/wp\/v2\/pages\/24371\/revisions"}],"wp:attachment":[{"href":"https:\/\/royalsharmproperty.com\/de\/wp-json\/wp\/v2\/media?parent=24371"}],"wp:term":[{"taxonomy":"wf_page_folders","embeddable":true,"href":"https:\/\/royalsharmproperty.com\/de\/wp-json\/wp\/v2\/wf_page_folders?post=24371"}],"curies":[{"name":"wp","href":"https:\/\/api.w.org\/{rel}","templated":true}]}}