{"id":10280,"date":"2021-09-22T16:00:02","date_gmt":"2021-09-22T14:00:02","guid":{"rendered":"http:\/\/royalsharmproperty.com\/rent-terms-condition\/"},"modified":"2021-10-13T17:39:42","modified_gmt":"2021-10-13T15:39:42","slug":"mietbedingungen","status":"publish","type":"page","link":"https:\/\/royalsharmproperty.com\/de\/mietbedingungen\/","title":{"rendered":"Mietbedingungen"},"content":{"rendered":"<div class=\"wpb-content-wrapper\"><div class=\"vc_row wpb_row vc_row-fluid\"><div class=\"wpb_column vc_column_container vc_col-sm-12\"><div class=\"vc_column-inner\"><div class=\"wpb_wrapper\">[ucaddon_uc_resturant_header title=\u201dMietbedingungen\u201d image=\u201d12374\u2033 sub_title=\u201d\u201d button_text=\u201d\u201d button_link=\u201d\u201d uc_fonts_data=\u201dJTdCJTdE\u201d]<\/div><\/div><\/div><\/div><div class=\"vc_row wpb_row vc_row-fluid\"><div class=\"wpb_column vc_column_container vc_col-sm-12\"><div class=\"vc_column-inner\"><div class=\"wpb_wrapper\"><div class=\"ult-spacer spacer-69d4b17335b03\" data-id=\"69d4b17335b03\" data-height=\"60\" data-height-mobile=\"60\" data-height-tab=\"60\" data-height-tab-portrait=\"\" data-height-mobile-landscape=\"\" style=\"clear:both;display:block;\"><\/div>\n\t<div class=\"wpb_text_column wpb_content_element\" >\n\t\t<div class=\"wpb_wrapper\">\n\t\t\t<h3 class=\"no-border\">WIR VERF\u00dcGEN \u00dcBER VERSCHIEDENE WERBEINSTRUMENTE F\u00dcR UNSERE IMMOBILIEN.<\/h3>\n<ul>\n<li>Unsere eigene Website: royalsharmproperty.com<\/li>\n<li>Unser B\u00fcro befindet sich in der Naama-Bucht.<\/li>\n<li>Au\u00dferdem unser viertelj\u00e4hrlich erscheinendes Firmenmagazin mit Immobilien und Fotos.<\/li>\n<\/ul>\n<p>Besuchen Sie unsere Website und sehen Sie sich unsere Immobilien an, die Ihren Bed\u00fcrfnissen entsprechen.<br \/>\nStellen Sie eine Anfrage \u00fcber die Website an unsere Hauptverwaltung, die Ihre Anfrage wiederum an die Immobilienverwaltungsabteilung weiterleitet.<br \/>\nUnser Hausverwalter wird sich per E-Mail oder Telefon mit Ihnen in Verbindung setzen, um Einzelheiten zu Ihrer Anfrage und Informationen f\u00fcr unseren Makler zu erfragen.<br \/>\nUnsere lokalen Makler ben\u00f6tigen so viele Informationen wie m\u00f6glich \u00fcber die Art der Immobilie, die Sie suchen, damit wir schnellstm\u00f6glich Ihr ideales Zuhause finden k\u00f6nnen.<\/p>\n<h2 class=\"no-border text-blue\">SUCHANFORDERUNGEN<\/h2>\n<p>Sobald wir Ihre Anforderungen genau kennen, k\u00f6nnen wir Ihnen eine Auswahl an Immobilien pr\u00e4sentieren, die Ihren Bed\u00fcrfnissen und Ihrem Budget entsprechen. Besichtigungen sind oft sofort m\u00f6glich.<\/p>\n<h2 class=\"no-border text-blue\">BESICHTIGUNGEN<\/h2>\n<p>Besichtigungen k\u00f6nnen von unseren Mitarbeitern zwischen 10 und 18 Uhr \u2013 6 Tage die Woche \u2013 durchgef\u00fchrt werden.<br \/>\nUnsere mehrsprachigen Mitarbeiter k\u00f6nnen umgehend mit Ihnen einen Orientierungsbesuch vereinbaren, um Ihnen 3 oder 4 Wohnungen Ihrer Wahl zu zeigen.<\/p>\n<h2 class=\"no-border text-blue\">AUSWAHL EINER IMMOBILIE<\/h2>\n<p>Sobald Sie eine passende Immobilie gefunden und uns einige Details mitgeteilt haben, ben\u00f6tigen wir eine Kopie Ihres Reisepasses oder Personalausweises sowie gegebenenfalls Ihre Heiratsurkunde. F\u00fcr die Akte k\u00f6nnen wir dann einen Vertrag vorbereiten.<\/p>\n<h2 class=\"no-border text-blue\">MIETVERTRAG<\/h2>\n<p>Anschlie\u00dfend erstellen wir die entsprechenden Dokumente, einen Vertrag, der von beiden Parteien unterzeichnet wird. Dieser wird dementsprechend zweisprachig sein; die verf\u00fcgbaren Sprachen sind Englisch und Arabisch.<\/p>\n<h2 class=\"no-border text-blue\">INVENTAR<\/h2>\n<p>Vor Vertragsbeginn wird \u00fcblicherweise ein Inventar des Inhalts und Zustands der Immobilie erstellt. Dieses wird vom Eigent\u00fcmer bereitgestellt und ist integraler Bestandteil des Vertrags.<br \/>\nWir werden beim Einchecken mit Ihnen die Wohnung durchgehen, um zu best\u00e4tigen, dass alles, was auf der Liste steht, in der Wohnung vorhanden ist.<\/p>\n<h2 class=\"no-border text-blue\">MIETE UND KAUTION<\/h2>\n<p>Bei Vertragsunterzeichnung ist eine Vorauszahlung in H\u00f6he einer Monatsmiete f\u00e4llig. Zus\u00e4tzlich ist eine Kaution in H\u00f6he einer Monatsmiete zu hinterlegen. Diese wird Ihnen nach Mietende zur\u00fcckerstattet, sofern die Vertragsbedingungen eingehalten und das \u00dcbergabeprotokoll gepr\u00fcft wurde.<br \/>\n\u2013 Der Mieter zahlt bei Abschluss eines Mietvertrags \u00fcber einen Zeitraum von 3 Monaten einen Betrag von 15% der Monatsmiete als nicht erstattungsf\u00e4hige Verwaltungskosten.<br \/>\n\u2013 Der Mieter zahlt bei Unterzeichnung des Mietvertrags \u00fcber 6 Monate 25% der Monatsmiete als nicht erstattungsf\u00e4hige Verwaltungskosten.<br \/>\n\u2013 Der Mieter zahlt bei Unterzeichnung des Mietvertrags f\u00fcr 12 Monate 50% der Monatsmiete zuz\u00fcglich nicht erstattungsf\u00e4higer Verwaltungskosten.<\/p>\n<h2 class=\"no-border text-blue\">Vertragsabschluss<\/h2>\n<p>Herzlichen Gl\u00fcckwunsch, die Schl\u00fcssel werden Ihnen nun \u00fcbergeben und Sie k\u00f6nnen in Ihr neues Zuhause einziehen.<\/p>\n\n\t\t<\/div>\n\t<\/div>\n<\/div><\/div><\/div><\/div>\n<\/div>","protected":false},"excerpt":{"rendered":"[ucaddon_uc_resturant_header title=\"Rent Terms &amp; Condition\" image=\"12374\" sub_title=\"\" button_text=\"\" button_link=\"\" uc_fonts_data=\"JTdCJTdE\"] WE HAVE SEVERAL TOOLS OF ADVERTISING FOR OUR PROPERTIES Our own website: royalsharmproperty.com Our office in Naama bay. Also our quarterly company magazine with properties and photos. Check our website and look at our properties that suit your needs. Make a request through the website [...]","protected":false},"author":1,"featured_media":0,"parent":0,"menu_order":401,"comment_status":"closed","ping_status":"closed","template":"page_full-width.php","meta":{"_acf_changed":false,"footnotes":""},"wf_page_folders":[],"class_list":["post-10280","page","type-page","status-publish","hentry"],"acf":[],"_links":{"self":[{"href":"https:\/\/royalsharmproperty.com\/de\/wp-json\/wp\/v2\/pages\/10280","targetHints":{"allow":["GET"]}}],"collection":[{"href":"https:\/\/royalsharmproperty.com\/de\/wp-json\/wp\/v2\/pages"}],"about":[{"href":"https:\/\/royalsharmproperty.com\/de\/wp-json\/wp\/v2\/types\/page"}],"author":[{"embeddable":true,"href":"https:\/\/royalsharmproperty.com\/de\/wp-json\/wp\/v2\/users\/1"}],"replies":[{"embeddable":true,"href":"https:\/\/royalsharmproperty.com\/de\/wp-json\/wp\/v2\/comments?post=10280"}],"version-history":[{"count":0,"href":"https:\/\/royalsharmproperty.com\/de\/wp-json\/wp\/v2\/pages\/10280\/revisions"}],"wp:attachment":[{"href":"https:\/\/royalsharmproperty.com\/de\/wp-json\/wp\/v2\/media?parent=10280"}],"wp:term":[{"taxonomy":"wf_page_folders","embeddable":true,"href":"https:\/\/royalsharmproperty.com\/de\/wp-json\/wp\/v2\/wf_page_folders?post=10280"}],"curies":[{"name":"wp","href":"https:\/\/api.w.org\/{rel}","templated":true}]}}